{"id":1868,"date":"2023-05-10T17:29:08","date_gmt":"2023-05-10T17:29:08","guid":{"rendered":"https:\/\/exitoenmadrid.com\/promocions\/"},"modified":"2023-12-20T15:29:49","modified_gmt":"2023-12-20T15:29:49","slug":"promocions","status":"publish","type":"page","link":"https:\/\/exitoenmadrid.com\/ca\/promocions\/","title":{"rendered":"PROMOCIONS"},"content":{"rendered":"<p>[et_pb_section fb_built=&#8221;1&#8243; admin_label=&#8221;Repetidores&#8221; _builder_version=&#8221;4.21.0&#8243; _module_preset=&#8221;default&#8221; background_color=&#8221;#FEDCC3&#8243; custom_margin_tablet=&#8221;&#8221; custom_margin_phone=&#8221;||0px||false|false&#8221; custom_margin_last_edited=&#8221;on|phone&#8221; custom_padding=&#8221;10%||||false|false&#8221; global_colors_info=&#8221;{}&#8221;][et_pb_row column_structure=&#8221;1_2,1_2&#8243; _builder_version=&#8221;4.21.0&#8243; _module_preset=&#8221;default&#8221; width=&#8221;55%&#8221; width_tablet=&#8221;75%&#8221; width_phone=&#8221;80%&#8221; width_last_edited=&#8221;on|desktop&#8221; global_colors_info=&#8221;{}&#8221;][et_pb_column type=&#8221;1_2&#8243; _builder_version=&#8221;4.21.0&#8243; _module_preset=&#8221;default&#8221; global_colors_info=&#8221;{}&#8221;][et_pb_image src=&#8221;https:\/\/exitoenmadrid.com\/wp-content\/uploads\/2023\/06\/Masa-Color-Promociones.jpg&#8221; title_text=&#8221;Masa-Color-Promociones&#8221; admin_label=&#8221;Color&#8221; _builder_version=&#8221;4.21.0&#8243; _module_preset=&#8221;default&#8221; transform_rotate=&#8221;0deg|0deg|345deg&#8221; positioning=&#8221;absolute&#8221; width=&#8221;100%&#8221; scroll_vertical_motion_enable=&#8221;on&#8221; scroll_vertical_motion=&#8221;0|50|50|100|1|0|0&#8243; scroll_horizontal_motion=&#8221;0|50|50|100|1|0|0&#8243; scroll_rotating_enable=&#8221;on&#8221; scroll_rotating=&#8221;0|50|50|100|0\u00b0|0|10\u00b0&#8221; scroll_rotating_tablet=&#8221;0|50|50|100|0\u00b0|0|10\u00b0&#8221; scroll_rotating_phone=&#8221;0|50|50|100|0\u00b0|0|10\u00b0&#8221; scroll_rotating_last_edited=&#8221;on|phone&#8221; global_colors_info=&#8221;{}&#8221;][\/et_pb_image][et_pb_image src=&#8221;https:\/\/exitoenmadrid.com\/wp-content\/uploads\/2023\/06\/Promo-1.jpg&#8221; title_text=&#8221;Promo-1&#8243; align=&#8221;center&#8221; _builder_version=&#8221;4.21.0&#8243; _module_preset=&#8221;default&#8221; custom_padding=&#8221;|5%|||false|false&#8221; animation_direction=&#8221;bottom&#8221; scroll_vertical_motion_enable=&#8221;on&#8221; scroll_vertical_motion=&#8221;0|50|50|100|2|0|0&#8243; border_color_all=&#8221;#265CD5&#8243; global_colors_info=&#8221;{}&#8221;][\/et_pb_image][\/et_pb_column][et_pb_column type=&#8221;1_2&#8243; _builder_version=&#8221;4.21.0&#8243; _module_preset=&#8221;default&#8221; global_colors_info=&#8221;{}&#8221;][et_pb_text _builder_version=&#8221;4.21.0&#8243; _module_preset=&#8221;default&#8221; width=&#8221;72%&#8221; width_tablet=&#8221;100%&#8221; width_phone=&#8221;100%&#8221; width_last_edited=&#8221;on|phone&#8221; custom_margin_tablet=&#8221;10%||||false|false&#8221; custom_margin_phone=&#8221;15%||||false|false&#8221; custom_margin_last_edited=&#8221;on|phone&#8221; custom_padding=&#8221;||||false|false&#8221; global_colors_info=&#8221;{}&#8221;]<\/p>\n<h2>Ens alegra <span class=\"serif\">tornar a veure&#8217;t<\/span> per aqu\u00ed<\/h2>\n<p>[\/et_pb_text][et_pb_text _builder_version=&#8221;4.21.0&#8243; _module_preset=&#8221;default&#8221; width=&#8221;100%&#8221; global_colors_info=&#8221;{}&#8221;]<\/p>\n<p>Ens alegra tenir-te de tornada! La teva primera estada va ser nom\u00e9s el comen\u00e7ament del que esperem sigui una llarga i bonica relaci\u00f3.<\/p>\n<p>Com a membre de la fam\u00edlia \u00c8xit, comptes amb un descompte del 5% en el preu final de les teves futures reserves amb nosaltres.<\/p>\n<p>Ser\u00e0 un plaer rebre&#8217;t de nou i assegurar-nos que gaudeixis d&#8217;una altra estada inoblidable!<\/p>\n<p>[\/et_pb_text][\/et_pb_column][\/et_pb_row][\/et_pb_section][et_pb_section fb_built=&#8221;1&#8243; custom_padding_last_edited=&#8221;on|phone&#8221; admin_label=&#8221;Grupos&#8221; _builder_version=&#8221;4.21.0&#8243; _module_preset=&#8221;default&#8221; background_color=&#8221;#FEDCC3&#8243; custom_margin_tablet=&#8221;&#8221; custom_margin_phone=&#8221;0px||0px||false|false&#8221; custom_margin_last_edited=&#8221;on|phone&#8221; custom_padding_tablet=&#8221;&#8221; custom_padding_phone=&#8221;&#8221; collapsed=&#8221;on&#8221; global_colors_info=&#8221;{}&#8221;][et_pb_row column_structure=&#8221;1_2,1_2&#8243; module_class=&#8221;column-reverse&#8221; _builder_version=&#8221;4.21.0&#8243; _module_preset=&#8221;default&#8221; width=&#8221;55%&#8221; width_tablet=&#8221;75%&#8221; width_phone=&#8221;80%&#8221; width_last_edited=&#8221;on|phone&#8221; global_colors_info=&#8221;{}&#8221;][et_pb_column type=&#8221;1_2&#8243; _builder_version=&#8221;4.21.0&#8243; _module_preset=&#8221;default&#8221; global_colors_info=&#8221;{}&#8221;][et_pb_text _builder_version=&#8221;4.21.0&#8243; _module_preset=&#8221;default&#8221; width=&#8221;72%&#8221; width_tablet=&#8221;100%&#8221; width_phone=&#8221;100%&#8221; width_last_edited=&#8221;on|phone&#8221; custom_margin_tablet=&#8221;10%||||false|false&#8221; custom_margin_phone=&#8221;20%||||false|false&#8221; custom_margin_last_edited=&#8221;on|phone&#8221; custom_padding=&#8221;||||false|false&#8221; global_colors_info=&#8221;{}&#8221;]<\/p>\n<h2>En grup <span class=\"serif\">pagues menys<\/span><\/h2>\n<p>[\/et_pb_text][et_pb_text _builder_version=&#8221;4.21.0&#8243; _module_preset=&#8221;default&#8221; width=&#8221;100%&#8221; global_colors_info=&#8221;{}&#8221;]<\/p>\n<p>Planeges viatjar en grup?<\/p>\n<p>A Madrid tenim un descompte especial del 5% en el preu final per a tu i els teus companys de viatge quan reserves 3 o m\u00e9s habitacions.<\/p>\n<p>Ens encantar\u00e0 ajudar-vos a organitzar la vostra visita a Madrid perqu\u00e8 aquest viatge que est\u00e0s planejant sigui inoblidable.<\/p>\n<p>[\/et_pb_text][\/et_pb_column][et_pb_column type=&#8221;1_2&#8243; _builder_version=&#8221;4.21.0&#8243; _module_preset=&#8221;default&#8221; global_colors_info=&#8221;{}&#8221;][et_pb_image src=&#8221;https:\/\/exitoenmadrid.com\/wp-content\/uploads\/2023\/06\/Masa-Color-Promociones.jpg&#8221; title_text=&#8221;Masa-Color-Promociones&#8221; admin_label=&#8221;Color&#8221; _builder_version=&#8221;4.21.0&#8243; _module_preset=&#8221;default&#8221; transform_translate=&#8221;25px|5px&#8221; transform_rotate=&#8221;0deg|0deg|-14deg&#8221; positioning=&#8221;absolute&#8221; width=&#8221;100%&#8221; scroll_vertical_motion_enable=&#8221;on&#8221; scroll_vertical_motion=&#8221;0|50|50|100|1|0|0&#8243; scroll_horizontal_motion=&#8221;0|50|50|100|1|0|0&#8243; scroll_rotating_enable=&#8221;on&#8221; scroll_rotating=&#8221;0|50|50|100|10\u00b0|0|0&#8243; global_colors_info=&#8221;{}&#8221;][\/et_pb_image][et_pb_image src=&#8221;https:\/\/exitoenmadrid.com\/wp-content\/uploads\/2023\/06\/Promo-2.jpg&#8221; title_text=&#8221;Promo-2&#8243; align=&#8221;center&#8221; _builder_version=&#8221;4.21.0&#8243; _module_preset=&#8221;default&#8221; custom_padding=&#8221;|5%|||false|false&#8221; animation_direction=&#8221;bottom&#8221; scroll_vertical_motion_enable=&#8221;on&#8221; scroll_vertical_motion=&#8221;0|50|50|100|2|0|0&#8243; border_color_all=&#8221;#265CD5&#8243; global_colors_info=&#8221;{}&#8221;][\/et_pb_image][\/et_pb_column][\/et_pb_row][\/et_pb_section][et_pb_section fb_built=&#8221;1&#8243; custom_padding_last_edited=&#8221;on|phone&#8221; admin_label=&#8221;Estudiantes y Jubilados&#8221; _builder_version=&#8221;4.21.0&#8243; _module_preset=&#8221;default&#8221; background_color=&#8221;#FEDCC3&#8243; custom_padding_tablet=&#8221;&#8221; custom_padding_phone=&#8221;0px||0px||false|false&#8221; global_colors_info=&#8221;{}&#8221; custom_padding__hover_enabled=&#8221;off|desktop&#8221;][et_pb_row column_structure=&#8221;1_2,1_2&#8243; _builder_version=&#8221;4.21.0&#8243; _module_preset=&#8221;default&#8221; width=&#8221;55%&#8221; width_tablet=&#8221;75%&#8221; width_phone=&#8221;80%&#8221; width_last_edited=&#8221;on|desktop&#8221; global_colors_info=&#8221;{}&#8221;][et_pb_column type=&#8221;1_2&#8243; _builder_version=&#8221;4.21.0&#8243; _module_preset=&#8221;default&#8221; global_colors_info=&#8221;{}&#8221;][et_pb_image src=&#8221;https:\/\/exitoenmadrid.com\/wp-content\/uploads\/2023\/06\/Masa-Color-Promociones.jpg&#8221; title_text=&#8221;Masa-Color-Promociones&#8221; admin_label=&#8221;Color&#8221; _builder_version=&#8221;4.21.0&#8243; _module_preset=&#8221;default&#8221; transform_translate=&#8221;25px|5px&#8221; transform_rotate=&#8221;0deg|0deg|-14deg&#8221; positioning=&#8221;absolute&#8221; width=&#8221;100%&#8221; scroll_vertical_motion_enable=&#8221;on&#8221; scroll_vertical_motion=&#8221;0|50|50|100|1|0|0&#8243; scroll_horizontal_motion=&#8221;0|50|50|100|1|0|0&#8243; scroll_rotating_enable=&#8221;on&#8221; scroll_rotating=&#8221;0|50|50|100|10\u00b0|0|0&#8243; global_colors_info=&#8221;{}&#8221;][\/et_pb_image][et_pb_image src=&#8221;https:\/\/exitoenmadrid.com\/wp-content\/uploads\/2023\/06\/Promo-3.jpg&#8221; title_text=&#8221;Promo-3&#8243; align=&#8221;center&#8221; _builder_version=&#8221;4.21.0&#8243; _module_preset=&#8221;default&#8221; custom_padding=&#8221;|5%|||false|false&#8221; animation_direction=&#8221;bottom&#8221; scroll_vertical_motion_enable=&#8221;on&#8221; scroll_vertical_motion=&#8221;0|50|50|100|2|0|0&#8243; border_color_all=&#8221;#265CD5&#8243; global_colors_info=&#8221;{}&#8221;][\/et_pb_image][\/et_pb_column][et_pb_column type=&#8221;1_2&#8243; _builder_version=&#8221;4.21.0&#8243; _module_preset=&#8221;default&#8221; global_colors_info=&#8221;{}&#8221;][et_pb_text _builder_version=&#8221;4.21.0&#8243; _module_preset=&#8221;default&#8221; width=&#8221;72%&#8221; width_tablet=&#8221;100%&#8221; width_phone=&#8221;100%&#8221; width_last_edited=&#8221;on|phone&#8221; custom_margin_tablet=&#8221;10%||||false|false&#8221; custom_margin_phone=&#8221;15%||||false|false&#8221; custom_margin_last_edited=&#8221;on|phone&#8221; custom_padding=&#8221;||||false|false&#8221; global_colors_info=&#8221;{}&#8221;]<\/p>\n<h2>L&#8217;edat es converteix <span class=\"serif\">en avantatge.<\/span><\/h2>\n<p>[\/et_pb_text][et_pb_text _builder_version=&#8221;4.21.0&#8243; _module_preset=&#8221;default&#8221; width=&#8221;100%&#8221; global_colors_info=&#8221;{}&#8221;]<\/p>\n<p>Gaudeix de la bellesa de la capital i de la teva estada a Madrid sense preocupar-te del pressupost.<\/p>\n<p>Oferim un descompte del 4% en la nostra tarifa habitual per a tots els estudiants i jubilats que decideixen allotjar-se amb nosaltres.<\/p>\n<p>Reserva ara i aprofita aquesta oferta. T&#8217;esperem amb els bra\u00e7os oberts!<\/p>\n<p>[\/et_pb_text][\/et_pb_column][\/et_pb_row][\/et_pb_section][et_pb_section fb_built=&#8221;1&#8243; custom_padding_last_edited=&#8221;on|phone&#8221; _builder_version=&#8221;4.21.0&#8243; _module_preset=&#8221;default&#8221; background_color=&#8221;#FEDCC3&#8243; custom_margin=&#8221;||||false|false&#8221; custom_padding=&#8221;10px||10%||false|false&#8221; custom_padding_tablet=&#8221;||15%||false|false&#8221; custom_padding_phone=&#8221;||20%||false|false&#8221; global_colors_info=&#8221;{}&#8221;][et_pb_row _builder_version=&#8221;4.21.0&#8243; _module_preset=&#8221;default&#8221; custom_padding=&#8221;6px|||||&#8221; global_colors_info=&#8221;{}&#8221;][et_pb_column type=&#8221;4_4&#8243; _builder_version=&#8221;4.21.0&#8243; _module_preset=&#8221;default&#8221; global_colors_info=&#8221;{}&#8221;][et_pb_image src=&#8221;https:\/\/exitoenmadrid.com\/wp-content\/uploads\/2023\/06\/Ilustracion-Promociones.png&#8221; title_text=&#8221;Ilustracion-Promociones&#8221; align=&#8221;center&#8221; _builder_version=&#8221;4.21.0&#8243; _module_preset=&#8221;default&#8221; global_colors_info=&#8221;{}&#8221;][\/et_pb_image][et_pb_text module_class=&#8221;h1sizeh3&#8243; _builder_version=&#8221;4.21.0&#8243; _module_preset=&#8221;default&#8221; header_text_align=&#8221;center&#8221; header_3_text_align=&#8221;center&#8221; width=&#8221;57%&#8221; width_tablet=&#8221;57%&#8221; width_phone=&#8221;100%&#8221; width_last_edited=&#8221;on|phone&#8221; module_alignment=&#8221;center&#8221; global_colors_info=&#8221;{}&#8221;]<\/p>\n<h1><span class=\"serif\">Reserva ara<\/span> i aplicarem el teu descompte <span class=\"serif\">un cop arribis a la nostra recepci\u00f3<\/span> per realitzar el check in.<\/h1>\n<p>[\/et_pb_text][\/et_pb_column][\/et_pb_row][\/et_pb_section]<\/p>\n","protected":false},"excerpt":{"rendered":"<p>Ens alegra tornar a veure&#8217;t per aqu\u00edEns alegra tenir-te de tornada! La teva primera estada va ser nom\u00e9s el comen\u00e7ament del que esperem sigui una llarga i bonica relaci\u00f3. Com a membre de la fam\u00edlia \u00c8xit, comptes amb un descompte del 5% en el preu final de les teves futures reserves amb nosaltres. Ser\u00e0 un [&hellip;]<\/p>\n","protected":false},"author":2,"featured_media":0,"parent":0,"menu_order":0,"comment_status":"closed","ping_status":"closed","template":"","meta":{"_et_pb_use_builder":"on","_et_pb_old_content":"","_et_gb_content_width":"","inline_featured_image":false,"footnotes":""},"class_list":["post-1868","page","type-page","status-publish","hentry"],"yoast_head":"<!-- This site is optimized with the Yoast SEO plugin v25.8 - https:\/\/yoast.com\/wordpress\/plugins\/seo\/ -->\n<title>Descuentos para tu alojamiento | \u00c9xito en Madrid<\/title>\n<meta name=\"robots\" content=\"index, follow, max-snippet:-1, max-image-preview:large, max-video-preview:-1\" \/>\n<link rel=\"canonical\" href=\"https:\/\/exitoenmadrid.com\/ca\/promocions\/\" \/>\n<meta property=\"og:locale\" content=\"ca_ES\" \/>\n<meta property=\"og:type\" content=\"article\" \/>\n<meta property=\"og:title\" content=\"Descuentos para tu alojamiento | \u00c9xito en Madrid\" \/>\n<meta property=\"og:description\" content=\"Ens alegra tornar a veure&#039;t per aqu\u00edEns alegra tenir-te de tornada! La teva primera estada va ser nom\u00e9s el comen\u00e7ament del que esperem sigui una llarga i bonica relaci\u00f3. Com a membre de la fam\u00edlia \u00c8xit, comptes amb un descompte del 5% en el preu final de les teves futures reserves amb nosaltres. Ser\u00e0 un [&hellip;]\" \/>\n<meta property=\"og:url\" content=\"https:\/\/exitoenmadrid.com\/ca\/promocions\/\" \/>\n<meta property=\"og:site_name\" content=\"\u00c9xito en Madrid\" \/>\n<meta property=\"article:modified_time\" content=\"2023-12-20T15:29:49+00:00\" \/>\n<meta name=\"twitter:card\" content=\"summary_large_image\" \/>\n<meta name=\"twitter:label1\" content=\"Temps estimat de lectura\" \/>\n\t<meta name=\"twitter:data1\" content=\"6 minuts\" \/>\n<script type=\"application\/ld+json\" class=\"yoast-schema-graph\">{\"@context\":\"https:\/\/schema.org\",\"@graph\":[{\"@type\":\"WebPage\",\"@id\":\"https:\/\/exitoenmadrid.com\/ca\/promocions\/\",\"url\":\"https:\/\/exitoenmadrid.com\/ca\/promocions\/\",\"name\":\"Descuentos para tu alojamiento | \u00c9xito en Madrid\",\"isPartOf\":{\"@id\":\"https:\/\/exitoenmadrid.com\/ca\/#website\"},\"datePublished\":\"2023-05-10T17:29:08+00:00\",\"dateModified\":\"2023-12-20T15:29:49+00:00\",\"inLanguage\":\"ca\",\"potentialAction\":[{\"@type\":\"ReadAction\",\"target\":[\"https:\/\/exitoenmadrid.com\/ca\/promocions\/\"]}]},{\"@type\":\"WebSite\",\"@id\":\"https:\/\/exitoenmadrid.com\/ca\/#website\",\"url\":\"https:\/\/exitoenmadrid.com\/ca\/\",\"name\":\"\u00c9xito en Madrid\",\"description\":\"Alojamiento en el coraz\u00f3n de Madrid\",\"potentialAction\":[{\"@type\":\"SearchAction\",\"target\":{\"@type\":\"EntryPoint\",\"urlTemplate\":\"https:\/\/exitoenmadrid.com\/ca\/?s={search_term_string}\"},\"query-input\":{\"@type\":\"PropertyValueSpecification\",\"valueRequired\":true,\"valueName\":\"search_term_string\"}}],\"inLanguage\":\"ca\"}]}<\/script>\n<!-- \/ Yoast SEO plugin. -->","yoast_head_json":{"title":"Descuentos para tu alojamiento | \u00c9xito en Madrid","robots":{"index":"index","follow":"follow","max-snippet":"max-snippet:-1","max-image-preview":"max-image-preview:large","max-video-preview":"max-video-preview:-1"},"canonical":"https:\/\/exitoenmadrid.com\/ca\/promocions\/","og_locale":"ca_ES","og_type":"article","og_title":"Descuentos para tu alojamiento | \u00c9xito en Madrid","og_description":"Ens alegra tornar a veure't per aqu\u00edEns alegra tenir-te de tornada! La teva primera estada va ser nom\u00e9s el comen\u00e7ament del que esperem sigui una llarga i bonica relaci\u00f3. Com a membre de la fam\u00edlia \u00c8xit, comptes amb un descompte del 5% en el preu final de les teves futures reserves amb nosaltres. Ser\u00e0 un [&hellip;]","og_url":"https:\/\/exitoenmadrid.com\/ca\/promocions\/","og_site_name":"\u00c9xito en Madrid","article_modified_time":"2023-12-20T15:29:49+00:00","twitter_card":"summary_large_image","twitter_misc":{"Temps estimat de lectura":"6 minuts"},"schema":{"@context":"https:\/\/schema.org","@graph":[{"@type":"WebPage","@id":"https:\/\/exitoenmadrid.com\/ca\/promocions\/","url":"https:\/\/exitoenmadrid.com\/ca\/promocions\/","name":"Descuentos para tu alojamiento | \u00c9xito en Madrid","isPartOf":{"@id":"https:\/\/exitoenmadrid.com\/ca\/#website"},"datePublished":"2023-05-10T17:29:08+00:00","dateModified":"2023-12-20T15:29:49+00:00","inLanguage":"ca","potentialAction":[{"@type":"ReadAction","target":["https:\/\/exitoenmadrid.com\/ca\/promocions\/"]}]},{"@type":"WebSite","@id":"https:\/\/exitoenmadrid.com\/ca\/#website","url":"https:\/\/exitoenmadrid.com\/ca\/","name":"\u00c9xito en Madrid","description":"Alojamiento en el coraz\u00f3n de Madrid","potentialAction":[{"@type":"SearchAction","target":{"@type":"EntryPoint","urlTemplate":"https:\/\/exitoenmadrid.com\/ca\/?s={search_term_string}"},"query-input":{"@type":"PropertyValueSpecification","valueRequired":true,"valueName":"search_term_string"}}],"inLanguage":"ca"}]}},"_links":{"self":[{"href":"https:\/\/exitoenmadrid.com\/ca\/wp-json\/wp\/v2\/pages\/1868","targetHints":{"allow":["GET"]}}],"collection":[{"href":"https:\/\/exitoenmadrid.com\/ca\/wp-json\/wp\/v2\/pages"}],"about":[{"href":"https:\/\/exitoenmadrid.com\/ca\/wp-json\/wp\/v2\/types\/page"}],"author":[{"embeddable":true,"href":"https:\/\/exitoenmadrid.com\/ca\/wp-json\/wp\/v2\/users\/2"}],"replies":[{"embeddable":true,"href":"https:\/\/exitoenmadrid.com\/ca\/wp-json\/wp\/v2\/comments?post=1868"}],"version-history":[{"count":0,"href":"https:\/\/exitoenmadrid.com\/ca\/wp-json\/wp\/v2\/pages\/1868\/revisions"}],"wp:attachment":[{"href":"https:\/\/exitoenmadrid.com\/ca\/wp-json\/wp\/v2\/media?parent=1868"}],"curies":[{"name":"wp","href":"https:\/\/api.w.org\/{rel}","templated":true}]}}