{"id":1901,"date":"2023-05-10T17:31:41","date_gmt":"2023-05-10T17:31:41","guid":{"rendered":"https:\/\/exitoenmadrid.com\/avis-legal\/"},"modified":"2023-12-21T14:00:11","modified_gmt":"2023-12-21T14:00:11","slug":"avis-legal","status":"publish","type":"page","link":"https:\/\/exitoenmadrid.com\/ca\/avis-legal\/","title":{"rendered":"Av\u00eds Legal"},"content":{"rendered":"\n[et_pb_section fb_built=&#8221;1&#8243; _builder_version=&#8221;4.21.0&#8243; _module_preset=&#8221;default&#8221; hover_enabled=&#8221;0&#8243; global_colors_info=&#8221;{}&#8221; theme_builder_area=&#8221;post_content&#8221; background_color=&#8221;#FBF4F0&#8243; sticky_enabled=&#8221;0&#8243;][et_pb_row _builder_version=&#8221;4.21.0&#8243; _module_preset=&#8221;default&#8221; global_colors_info=&#8221;{}&#8221; theme_builder_area=&#8221;post_content&#8221;][et_pb_column type=&#8221;4_4&#8243; _builder_version=&#8221;4.21.0&#8243; _module_preset=&#8221;default&#8221; global_colors_info=&#8221;{}&#8221; theme_builder_area=&#8221;post_content&#8221;][et_pb_text _builder_version=&#8221;4.21.0&#8243; _module_preset=&#8221;default&#8221; hover_enabled=&#8221;0&#8243; global_colors_info=&#8221;{}&#8221; theme_builder_area=&#8221;post_content&#8221; sticky_enabled=&#8221;0&#8243;]<h1><span style=\"font-weight: 400;\">Av\u00eds Legal<br><\/span><\/h1>\n<div id=\"bgLayers_comp-lb6bw3pp1\" data-hook=\"bgLayers\" class=\"MW5IWV\">\n<div data-testid=\"colorUnderlay\" class=\"LWbAav Kv1aVt\"><\/div>\n<div id=\"bgMedia_comp-lb6bw3pp1\" class=\"VgO9Yg\"><\/div>\n<\/div>\n<div data-mesh-id=\"comp-lb6bw3pp1inlineContent\" data-testid=\"inline-content\" class=\"\">\n<div data-mesh-id=\"comp-lb6bw3pp1inlineContent-gridContainer\" data-testid=\"mesh-container-content\">\n<div id=\"comp-kxamvg2e\" class=\"KcpHeO tz5f0K comp-kxamvg2e wixui-rich-text\" data-testid=\"richTextElement\">\n<p class=\"font_8 wixui-rich-text__text\" style=\"font-size: 18px;\"><strong><span style=\"font-size: 18px;\" class=\"wixui-rich-text__text\">TITULAR DEL LLOC WEB<\/span><\/strong><\/p>\n<p class=\"font_8 wixui-rich-text__text\" style=\"font-size: 18px;\"><span style=\"font-size: 18px;\" class=\"wixui-rich-text__text\">DENOMINACI\u00d3N SOCIAL: EXITO GIRONAS EN MADRID SIGLO XXI S.L.<\/span><\/p>\n<p class=\"font_8 wixui-rich-text__text\" style=\"font-size: 18px;\"><span style=\"font-size: 18px;\" class=\"wixui-rich-text__text\">NIF: B16772949<\/span><\/p>\n<p class=\"font_8 wixui-rich-text__text\" style=\"font-size: 18px;\"><span style=\"font-size: 18px;\" class=\"wixui-rich-text__text\">DOMICILIO SOCIAL: Gran Via 34, 5\u00aa, 28013 Madrid<\/span><\/p>\n<p class=\"font_8 wixui-rich-text__text\" style=\"font-size: 18px;\"><strong><span style=\"font-size: 18px;\" class=\"wixui-rich-text__text\">CONTACTE<\/span><\/strong><\/p>\n<p class=\"font_8 wixui-rich-text__text\" style=\"font-size: 18px;\"><span style=\"font-size: 18px;\" class=\"wixui-rich-text__text\">TEL\u00c9FONO: +34 722559569<\/span><\/p>\n<p class=\"font_8 wixui-rich-text__text\" style=\"font-size: 18px;\"><span style=\"font-size: 18px;\" class=\"wixui-rich-text__text\">EMAIL: <span style=\"text-decoration: underline;\" class=\"wixui-rich-text__text\"><a href=\"mailto:Info@exitoenmadrid.com\" target=\"_self\" class=\"wixui-rich-text__text\" rel=\"noopener\">Info@exitoenmadrid.com<\/a><\/span><\/span><\/p>\n<\/div>\n<\/div>\n<\/div>\n<p>&nbsp;<\/p>[\/et_pb_text][\/et_pb_column][\/et_pb_row][\/et_pb_section]\n","protected":false},"excerpt":{"rendered":"<p>Av\u00eds Legal TITULAR DEL LLOC WEB DENOMINACI\u00d3N SOCIAL: EXITO GIRONAS EN MADRID SIGLO XXI S.L. NIF: B16772949 DOMICILIO SOCIAL: Gran Via 34, 5\u00aa, 28013 Madrid CONTACTE TEL\u00c9FONO: +34 722559569 EMAIL: Info@exitoenmadrid.com &nbsp;<\/p>\n","protected":false},"author":2,"featured_media":0,"parent":0,"menu_order":0,"comment_status":"closed","ping_status":"closed","template":"","meta":{"_et_pb_use_builder":"on","_et_pb_old_content":"","_et_gb_content_width":"","inline_featured_image":false,"footnotes":""},"class_list":["post-1901","page","type-page","status-publish","hentry"],"yoast_head":"<!-- This site is optimized with the Yoast SEO plugin v25.8 - https:\/\/yoast.com\/wordpress\/plugins\/seo\/ -->\n<title>Av\u00eds Legal | \u00c9xito en Madrid<\/title>\n<meta name=\"description\" content=\"\u00c8xit a Madrid \u00e9s un allotjament al centre de la capital amb habitacions personalitzades per a tot tipus de viatgers. Vine a con\u00e8ixer-nos!\" \/>\n<meta name=\"robots\" content=\"index, follow, max-snippet:-1, max-image-preview:large, max-video-preview:-1\" \/>\n<link rel=\"canonical\" href=\"https:\/\/exitoenmadrid.com\/ca\/avis-legal\/\" \/>\n<meta property=\"og:locale\" content=\"ca_ES\" \/>\n<meta property=\"og:type\" content=\"article\" \/>\n<meta property=\"og:title\" content=\"Av\u00eds Legal | \u00c9xito en Madrid\" \/>\n<meta property=\"og:description\" content=\"\u00c8xit a Madrid \u00e9s un allotjament al centre de la capital amb habitacions personalitzades per a tot tipus de viatgers. Vine a con\u00e8ixer-nos!\" \/>\n<meta property=\"og:url\" content=\"https:\/\/exitoenmadrid.com\/ca\/avis-legal\/\" \/>\n<meta property=\"og:site_name\" content=\"\u00c9xito en Madrid\" \/>\n<meta property=\"article:modified_time\" content=\"2023-12-21T14:00:11+00:00\" \/>\n<meta name=\"twitter:card\" content=\"summary_large_image\" \/>\n<meta name=\"twitter:label1\" content=\"Temps estimat de lectura\" \/>\n\t<meta name=\"twitter:data1\" content=\"1 minut\" \/>\n<script type=\"application\/ld+json\" class=\"yoast-schema-graph\">{\"@context\":\"https:\/\/schema.org\",\"@graph\":[{\"@type\":\"WebPage\",\"@id\":\"https:\/\/exitoenmadrid.com\/ca\/avis-legal\/\",\"url\":\"https:\/\/exitoenmadrid.com\/ca\/avis-legal\/\",\"name\":\"Av\u00eds Legal | \u00c9xito en Madrid\",\"isPartOf\":{\"@id\":\"https:\/\/exitoenmadrid.com\/ca\/#website\"},\"datePublished\":\"2023-05-10T17:31:41+00:00\",\"dateModified\":\"2023-12-21T14:00:11+00:00\",\"description\":\"\u00c8xit a Madrid \u00e9s un allotjament al centre de la capital amb habitacions personalitzades per a tot tipus de viatgers. Vine a con\u00e8ixer-nos!\",\"inLanguage\":\"ca\",\"potentialAction\":[{\"@type\":\"ReadAction\",\"target\":[\"https:\/\/exitoenmadrid.com\/ca\/avis-legal\/\"]}]},{\"@type\":\"WebSite\",\"@id\":\"https:\/\/exitoenmadrid.com\/ca\/#website\",\"url\":\"https:\/\/exitoenmadrid.com\/ca\/\",\"name\":\"\u00c9xito en Madrid\",\"description\":\"Alojamiento en el coraz\u00f3n de Madrid\",\"potentialAction\":[{\"@type\":\"SearchAction\",\"target\":{\"@type\":\"EntryPoint\",\"urlTemplate\":\"https:\/\/exitoenmadrid.com\/ca\/?s={search_term_string}\"},\"query-input\":{\"@type\":\"PropertyValueSpecification\",\"valueRequired\":true,\"valueName\":\"search_term_string\"}}],\"inLanguage\":\"ca\"}]}<\/script>\n<!-- \/ Yoast SEO plugin. -->","yoast_head_json":{"title":"Av\u00eds Legal | \u00c9xito en Madrid","description":"\u00c8xit a Madrid \u00e9s un allotjament al centre de la capital amb habitacions personalitzades per a tot tipus de viatgers. Vine a con\u00e8ixer-nos!","robots":{"index":"index","follow":"follow","max-snippet":"max-snippet:-1","max-image-preview":"max-image-preview:large","max-video-preview":"max-video-preview:-1"},"canonical":"https:\/\/exitoenmadrid.com\/ca\/avis-legal\/","og_locale":"ca_ES","og_type":"article","og_title":"Av\u00eds Legal | \u00c9xito en Madrid","og_description":"\u00c8xit a Madrid \u00e9s un allotjament al centre de la capital amb habitacions personalitzades per a tot tipus de viatgers. Vine a con\u00e8ixer-nos!","og_url":"https:\/\/exitoenmadrid.com\/ca\/avis-legal\/","og_site_name":"\u00c9xito en Madrid","article_modified_time":"2023-12-21T14:00:11+00:00","twitter_card":"summary_large_image","twitter_misc":{"Temps estimat de lectura":"1 minut"},"schema":{"@context":"https:\/\/schema.org","@graph":[{"@type":"WebPage","@id":"https:\/\/exitoenmadrid.com\/ca\/avis-legal\/","url":"https:\/\/exitoenmadrid.com\/ca\/avis-legal\/","name":"Av\u00eds Legal | \u00c9xito en Madrid","isPartOf":{"@id":"https:\/\/exitoenmadrid.com\/ca\/#website"},"datePublished":"2023-05-10T17:31:41+00:00","dateModified":"2023-12-21T14:00:11+00:00","description":"\u00c8xit a Madrid \u00e9s un allotjament al centre de la capital amb habitacions personalitzades per a tot tipus de viatgers. Vine a con\u00e8ixer-nos!","inLanguage":"ca","potentialAction":[{"@type":"ReadAction","target":["https:\/\/exitoenmadrid.com\/ca\/avis-legal\/"]}]},{"@type":"WebSite","@id":"https:\/\/exitoenmadrid.com\/ca\/#website","url":"https:\/\/exitoenmadrid.com\/ca\/","name":"\u00c9xito en Madrid","description":"Alojamiento en el coraz\u00f3n de Madrid","potentialAction":[{"@type":"SearchAction","target":{"@type":"EntryPoint","urlTemplate":"https:\/\/exitoenmadrid.com\/ca\/?s={search_term_string}"},"query-input":{"@type":"PropertyValueSpecification","valueRequired":true,"valueName":"search_term_string"}}],"inLanguage":"ca"}]}},"_links":{"self":[{"href":"https:\/\/exitoenmadrid.com\/ca\/wp-json\/wp\/v2\/pages\/1901","targetHints":{"allow":["GET"]}}],"collection":[{"href":"https:\/\/exitoenmadrid.com\/ca\/wp-json\/wp\/v2\/pages"}],"about":[{"href":"https:\/\/exitoenmadrid.com\/ca\/wp-json\/wp\/v2\/types\/page"}],"author":[{"embeddable":true,"href":"https:\/\/exitoenmadrid.com\/ca\/wp-json\/wp\/v2\/users\/2"}],"replies":[{"embeddable":true,"href":"https:\/\/exitoenmadrid.com\/ca\/wp-json\/wp\/v2\/comments?post=1901"}],"version-history":[{"count":0,"href":"https:\/\/exitoenmadrid.com\/ca\/wp-json\/wp\/v2\/pages\/1901\/revisions"}],"wp:attachment":[{"href":"https:\/\/exitoenmadrid.com\/ca\/wp-json\/wp\/v2\/media?parent=1901"}],"curies":[{"name":"wp","href":"https:\/\/api.w.org\/{rel}","templated":true}]}}