{"id":2058,"date":"2025-08-29T17:58:40","date_gmt":"2025-08-29T17:58:40","guid":{"rendered":"https:\/\/exitoenmadrid.com\/contacte\/"},"modified":"2026-01-22T07:53:07","modified_gmt":"2026-01-22T07:53:07","slug":"contacte","status":"publish","type":"page","link":"https:\/\/exitoenmadrid.com\/ca\/contacte\/","title":{"rendered":"CONTACTE"},"content":{"rendered":"<p>[et_pb_section fb_built=&#8221;1&#8243; _builder_version=&#8221;4.21.0&#8243; _module_preset=&#8221;default&#8221; background_color=&#8221;#E2EBFF&#8221; custom_padding=&#8221;||8px|||&#8221; global_colors_info=&#8221;{}&#8221;][et_pb_row _builder_version=&#8221;4.21.0&#8243; _module_preset=&#8221;default&#8221; global_colors_info=&#8221;{}&#8221;][et_pb_column type=&#8221;4_4&#8243; _builder_version=&#8221;4.21.0&#8243; _module_preset=&#8221;default&#8221; global_colors_info=&#8221;{}&#8221;][et_pb_image src=&#8221;https:\/\/exitoenmadrid.com\/wp-content\/uploads\/2023\/06\/Ilustracion-MAdrid.jpg&#8221; title_text=&#8221;Ilustraci\u00f3n-MAdrid&#8221; align=&#8221;center&#8221; _builder_version=&#8221;4.21.0&#8243; _module_preset=&#8221;default&#8221; global_colors_info=&#8221;{}&#8221;][\/et_pb_image][et_pb_text module_class=&#8221;h1sizeh3&#8243; _builder_version=&#8221;4.21.0&#8243; _module_preset=&#8221;default&#8221; header_text_align=&#8221;center&#8221; width=&#8221;31%&#8221; width_tablet=&#8221;76%&#8221; width_phone=&#8221;100%&#8221; width_last_edited=&#8221;on|phone&#8221; module_alignment=&#8221;center&#8221; global_colors_info=&#8221;{}&#8221;]<\/p>\n<h1>Una ubicaci\u00f3 <span class=\"serif\">immillorable<\/span> al <span class=\"serif\">cor de Madrid<\/span><\/h1>\n<p>[\/et_pb_text][et_pb_divider color=&#8221;#265CD5&#8243; divider_weight=&#8221;5px&#8221; _builder_version=&#8221;4.21.0&#8243; _module_preset=&#8221;default&#8221; width=&#8221;5%&#8221; width_tablet=&#8221;10%&#8221; width_phone=&#8221;15%&#8221; width_last_edited=&#8221;on|phone&#8221; module_alignment=&#8221;center&#8221; global_module=&#8221;803&#8243; global_colors_info=&#8221;{}&#8221;][\/et_pb_divider][\/et_pb_column][\/et_pb_row][\/et_pb_section][et_pb_section fb_built=&#8221;1&#8243; _builder_version=&#8221;4.21.0&#8243; _module_preset=&#8221;default&#8221; background_color=&#8221;#E2EBFF&#8221; custom_margin=&#8221;0px||0px||false|false&#8221; custom_padding=&#8221;0px||0px||false|false&#8221; global_colors_info=&#8221;{}&#8221;][et_pb_row _builder_version=&#8221;4.21.0&#8243; _module_preset=&#8221;default&#8221; width_tablet=&#8221;85%&#8221; width_phone=&#8221;90%&#8221; width_last_edited=&#8221;on|phone&#8221; custom_margin=&#8221;||0px||false|false&#8221; custom_padding=&#8221;0px||||false|false&#8221; global_colors_info=&#8221;{}&#8221;][et_pb_column type=&#8221;4_4&#8243; _builder_version=&#8221;4.21.0&#8243; _module_preset=&#8221;default&#8221; global_colors_info=&#8221;{}&#8221;][et_pb_code _builder_version=&#8221;4.21.0&#8243; _module_preset=&#8221;default&#8221; text_orientation=&#8221;center&#8221; custom_margin=&#8221;|0px|0px|0px|false|false&#8221; custom_padding=&#8221;0px|0px|0px|0px|false|false&#8221; global_colors_info=&#8221;{}&#8221;]<iframe src=\"https:\/\/www.google.com\/maps\/embed?pb=!1m14!1m8!1m3!1d3037.486332786674!2d-3.707477820940898!3d40.42022880120688!3m2!1i1024!2i768!4f13.1!3m3!1m2!1s0xd4229b894ac6c6b%3A0x60fe3e551bf09890!2s%C3%89xito%20en%20Madrid!5e0!3m2!1ses!2ses!4v1687870200420!5m2!1ses!2ses\" width=\"1400\" height=\"500\" style=\"border:0;\" allowfullscreen=\"\" loading=\"lazy\" referrerpolicy=\"no-referrer-when-downgrade\"><\/iframe>[\/et_pb_code][\/et_pb_column][\/et_pb_row][\/et_pb_section][et_pb_section fb_built=&#8221;1&#8243; _builder_version=&#8221;4.21.0&#8243; _module_preset=&#8221;default&#8221; background_color=&#8221;#E2EBFF&#8221; custom_padding=&#8221;||5px|||&#8221; global_colors_info=&#8221;{}&#8221;][et_pb_row column_structure=&#8221;1_3,1_3,1_3&#8243; _builder_version=&#8221;4.21.0&#8243; _module_preset=&#8221;default&#8221; width=&#8221;70%&#8221; width_tablet=&#8221;70%&#8221; width_phone=&#8221;70%&#8221; width_last_edited=&#8221;on|phone&#8221; global_colors_info=&#8221;{}&#8221;][et_pb_column type=&#8221;1_3&#8243; _builder_version=&#8221;4.21.0&#8243; _module_preset=&#8221;default&#8221; global_colors_info=&#8221;{}&#8221;][et_pb_image src=&#8221;https:\/\/exitoenmadrid.com\/wp-content\/uploads\/2023\/07\/EEM-Iconos-04.svg&#8221; title_text=&#8221;EEM-Iconos-04&#8243; align=&#8221;center&#8221; _builder_version=&#8221;4.21.0&#8243; _module_preset=&#8221;default&#8221; width=&#8221;5em&#8221; width_tablet=&#8221;5em&#8221; width_phone=&#8221;4.5em&#8221; width_last_edited=&#8221;on|phone&#8221; custom_margin=&#8221;||9px|||&#8221; global_colors_info=&#8221;{}&#8221;][\/et_pb_image][et_pb_text _builder_version=&#8221;4.21.0&#8243; _module_preset=&#8221;default&#8221; header_3_text_align=&#8221;center&#8221; custom_margin=&#8221;||2px|||&#8221; global_colors_info=&#8221;{}&#8221;]<\/p>\n<h3>Estem a<\/h3>\n<p>[\/et_pb_text][et_pb_divider color=&#8221;#265CD5&#8243; divider_position=&#8221;center&#8221; divider_weight=&#8221;5px&#8221; _builder_version=&#8221;4.21.0&#8243; _module_preset=&#8221;default&#8221; width=&#8221;15%&#8221; width_tablet=&#8221;10%&#8221; width_phone=&#8221;15%&#8221; width_last_edited=&#8221;on|phone&#8221; module_alignment=&#8221;center&#8221; custom_margin=&#8221;0px||4%||false|false&#8221; custom_padding=&#8221;0px||0px||false|false&#8221; global_colors_info=&#8221;{}&#8221;][\/et_pb_divider][et_pb_text _builder_version=&#8221;4.21.0&#8243; _module_preset=&#8221;default&#8221; text_orientation=&#8221;center&#8221; global_colors_info=&#8221;{}&#8221;]<\/p>\n<p>Calle Gran V\u00eda 44, 5\u00baD.<br \/>Madrid, Espa\u00f1a. <\/p>\n<p>[\/et_pb_text][\/et_pb_column][et_pb_column type=&#8221;1_3&#8243; _builder_version=&#8221;4.21.0&#8243; _module_preset=&#8221;default&#8221; global_colors_info=&#8221;{}&#8221;][et_pb_image src=&#8221;https:\/\/exitoenmadrid.com\/wp-content\/uploads\/2023\/07\/EEM-Iconos-05.svg&#8221; title_text=&#8221;EEM-Iconos-05&#8243; align=&#8221;center&#8221; _builder_version=&#8221;4.21.0&#8243; _module_preset=&#8221;default&#8221; width=&#8221;5em&#8221; width_tablet=&#8221;5em&#8221; width_phone=&#8221;4.5em&#8221; width_last_edited=&#8221;on|phone&#8221; custom_margin=&#8221;||9px|||&#8221; global_colors_info=&#8221;{}&#8221;][\/et_pb_image][et_pb_text _builder_version=&#8221;4.21.0&#8243; _module_preset=&#8221;default&#8221; header_3_text_align=&#8221;center&#8221; custom_margin=&#8221;||2px|||&#8221; global_colors_info=&#8221;{}&#8221;]<\/p>\n<h3>CONTACTE<\/h3>\n<p>[\/et_pb_text][et_pb_divider color=&#8221;#265CD5&#8243; divider_position=&#8221;center&#8221; divider_weight=&#8221;5px&#8221; _builder_version=&#8221;4.21.0&#8243; _module_preset=&#8221;default&#8221; width=&#8221;15%&#8221; width_tablet=&#8221;10%&#8221; width_phone=&#8221;15%&#8221; width_last_edited=&#8221;on|phone&#8221; module_alignment=&#8221;center&#8221; custom_margin=&#8221;0px||4%||false|false&#8221; custom_padding=&#8221;0px||0px||false|false&#8221; global_colors_info=&#8221;{}&#8221;][\/et_pb_divider][et_pb_text _builder_version=&#8221;4.27.4&#8243; _module_preset=&#8221;default&#8221; link_text_color=&#8221;#265CD5&#8243; text_orientation=&#8221;center&#8221; hover_enabled=&#8221;0&#8243; global_colors_info=&#8221;{}&#8221; sticky_enabled=&#8221;0&#8243;]<\/p>\n<p><a href=\"mailto:Info@exitoenmadrid.com\">Info@exitoenmadrid.com <\/a><br \/><a href=\"tel:0034912531359\">+34 912 53 13 59<\/a><br \/><a href=\"tel:0034722559569\">+34 722 55 95 69<\/a><\/p>\n<p>[\/et_pb_text][\/et_pb_column][et_pb_column type=&#8221;1_3&#8243; _builder_version=&#8221;4.21.0&#8243; _module_preset=&#8221;default&#8221; global_colors_info=&#8221;{}&#8221;][et_pb_image src=&#8221;https:\/\/exitoenmadrid.com\/wp-content\/uploads\/2023\/07\/EEM-Iconos-07.svg&#8221; alt=&#8221;Localitzaci\u00f3&#8221; title_text=&#8221;Localitzaci\u00f3&#8221; url=&#8221;https:\/\/parclick.es\/parking\/parkings-en-la-gran-via-de-madrid?affiliate=615178cf&#8221; url_new_window=&#8221;on&#8221; align=&#8221;center&#8221; _builder_version=&#8221;4.21.0&#8243; _module_preset=&#8221;default&#8221; width=&#8221;5em&#8221; width_tablet=&#8221;5em&#8221; width_phone=&#8221;4.5em&#8221; width_last_edited=&#8221;on|phone&#8221; custom_margin=&#8221;||9px|||&#8221; global_colors_info=&#8221;{}&#8221;][\/et_pb_image][et_pb_text _builder_version=&#8221;4.21.0&#8243; _module_preset=&#8221;default&#8221; header_3_text_align=&#8221;center&#8221; custom_margin=&#8221;||2px|||&#8221; global_colors_info=&#8221;{}&#8221;]<\/p>\n<h3>Com arribar<\/h3>\n<p>[\/et_pb_text][et_pb_divider color=&#8221;#265CD5&#8243; divider_position=&#8221;center&#8221; divider_weight=&#8221;5px&#8221; _builder_version=&#8221;4.21.0&#8243; _module_preset=&#8221;default&#8221; width=&#8221;15%&#8221; width_tablet=&#8221;10%&#8221; width_phone=&#8221;15%&#8221; width_last_edited=&#8221;on|phone&#8221; module_alignment=&#8221;center&#8221; custom_margin=&#8221;0px||4%||false|false&#8221; custom_padding=&#8221;0px||0px||false|false&#8221; global_colors_info=&#8221;{}&#8221;][\/et_pb_divider][et_pb_text _builder_version=&#8221;4.21.0&#8243; _module_preset=&#8221;default&#8221; link_text_color=&#8221;#265CD5&#8243; text_orientation=&#8221;center&#8221; global_colors_info=&#8221;{}&#8221;]<\/p>\n<p><strong>Metro:<\/strong> Parada Callao<br \/><strong>Autob\u00fas:<\/strong> A45, A54, E78<br \/><span style=\"text-decoration: underline;\"><a href=\"https:\/\/parclick.es\/parking\/parkings-en-la-gran-via-de-madrid?affiliate=615178cf\" target=\"_blank\" rel=\"noopener\"><strong>Localiza tu parking<\/strong><\/a><\/span><\/p>\n<p>[\/et_pb_text][\/et_pb_column][\/et_pb_row][\/et_pb_section][et_pb_section fb_built=&#8221;1&#8243; _builder_version=&#8221;4.21.0&#8243; _module_preset=&#8221;default&#8221; background_color=&#8221;#E2EBFF&#8221; custom_padding=&#8221;78px|||||&#8221; global_colors_info=&#8221;{}&#8221;][et_pb_row column_structure=&#8221;1_2,1_2&#8243; use_custom_gutter=&#8221;on&#8221; gutter_width=&#8221;4&#8243; make_equal=&#8221;on&#8221; _builder_version=&#8221;4.21.0&#8243; _module_preset=&#8221;default&#8221; width=&#8221;50vw&#8221; width_tablet=&#8221;70%&#8221; width_phone=&#8221;80%&#8221; width_last_edited=&#8221;on|phone&#8221; global_colors_info=&#8221;{}&#8221;][et_pb_column type=&#8221;1_2&#8243; _builder_version=&#8221;4.21.0&#8243; _module_preset=&#8221;default&#8221; global_colors_info=&#8221;{}&#8221;][et_pb_text _builder_version=&#8221;4.21.0&#8243; _module_preset=&#8221;default&#8221; width=&#8221;85%&#8221; width_tablet=&#8221;100%&#8221; width_phone=&#8221;100%&#8221; width_last_edited=&#8221;on|phone&#8221; custom_padding=&#8221;||2px|||&#8221; global_colors_info=&#8221;{}&#8221;]<\/p>\n<h2>Com podem <span class=\"serif\">ajudar-te?<\/span><\/h2>\n<p>Pregunteu-nos tot el que necessitis saber. Volem ajudar-te que el teu viatge a Madrid sigui tot un <strong>\u00c8xit!<\/strong><\/p>\n<p>[\/et_pb_text][\/et_pb_column][et_pb_column type=&#8221;1_2&#8243; _builder_version=&#8221;4.21.0&#8243; _module_preset=&#8221;default&#8221; global_colors_info=&#8221;{}&#8221;][et_pb_contact_form captcha=&#8221;off&#8221; email=&#8221;info@exitoenmadrid.com&#8221; custom_message=&#8221;\u00a1Hola equipo de \u00c9xito en Madrid!||et_pb_line_break_holder||||et_pb_line_break_holder||%%Nombre%% os ha enviado una consulta a trav\u00e9s del formulario web.||et_pb_line_break_holder||||et_pb_line_break_holder||Esta es su mensaje: ||et_pb_line_break_holder||%%Mensaje%%||et_pb_line_break_holder||||et_pb_line_break_holder||Puedes responderle utilizando este mail: %%Email%%||et_pb_line_break_holder||||et_pb_line_break_holder||\u00a1\u00c9xito!&#8221; use_redirect=&#8221;on&#8221; redirect_url=&#8221;https:\/\/exitoenmadrid.com\/ca\/missatge-enviat\/&#8221; success_message=&#8221;El teu missatge s&#8217;ha enviat amb \u00e8xit!&#8221; _builder_version=&#8221;4.21.0&#8243; _module_preset=&#8221;default&#8221; _unique_id=&#8221;d1dfbec7-9b26-4db9-b9fc-1de1ec3de16b&#8221; form_field_background_color=&#8221;#FFFFFF&#8221; form_field_text_color=&#8221;#265CD5&#8243; form_field_focus_text_color=&#8221;rgba(38,92,213,0.89)&#8221; captcha_font=&#8221;Paytone One||||||||&#8221; captcha_font_size=&#8221;18px&#8221; captcha_letter_spacing=&#8221;5px&#8221; form_field_font=&#8221;Paytone One||||||||&#8221; form_field_font_size=&#8221;20px&#8221; custom_button=&#8221;on&#8221; button_text_color=&#8221;#265CD5&#8243; button_bg_color=&#8221;#FFFFFF&#8221; button_border_width=&#8221;5px&#8221; button_border_radius=&#8221;0px&#8221; button_font=&#8221;Paytone One||||||||&#8221; button_on_hover=&#8221;off&#8221; border_width_all=&#8221;5px&#8221; border_color_all=&#8221;#265CD5&#8243; box_shadow_style_button=&#8221;preset4&#8243; box_shadow_horizontal_button=&#8221;4px&#8221; box_shadow_vertical_button=&#8221;5px&#8221; box_shadow_color_button=&#8221;#265CD5&#8243; global_colors_info=&#8221;{}&#8221; button_border_color__hover_enabled=&#8221;on|hover&#8221; button_border_color__hover=&#8221;#FD8D7C&#8221; button_icon_color__hover_enabled=&#8221;on|hover&#8221; button_icon_color__hover=&#8221;#FD8D7C&#8221; box_shadow_color_button__hover_enabled=&#8221;on|hover&#8221; box_shadow_color_button__hover=&#8221;#FD8D7C&#8221; button_text_color__hover_enabled=&#8221;on|desktop&#8221; button_text_color__hover=&#8221;#FD8D7C&#8221;][et_pb_contact_field field_id=&#8221;Nombre&#8221; field_title=&#8221;Nom&#8221; fullwidth_field=&#8221;on&#8221; _builder_version=&#8221;4.21.0&#8243; global_colors_info=&#8221;{}&#8221; button_text_size__hover_enabled=&#8221;off&#8221; button_one_text_size__hover_enabled=&#8221;off&#8221; button_two_text_size__hover_enabled=&#8221;off&#8221; button_text_color__hover_enabled=&#8221;off&#8221; button_one_text_color__hover_enabled=&#8221;off&#8221; button_two_text_color__hover_enabled=&#8221;off&#8221; button_border_width__hover_enabled=&#8221;off&#8221; button_one_border_width__hover_enabled=&#8221;off&#8221; button_two_border_width__hover_enabled=&#8221;off&#8221; button_border_color__hover_enabled=&#8221;off&#8221; button_one_border_color__hover_enabled=&#8221;off&#8221; button_two_border_color__hover_enabled=&#8221;off&#8221; button_border_radius__hover_enabled=&#8221;off&#8221; button_one_border_radius__hover_enabled=&#8221;off&#8221; button_two_border_radius__hover_enabled=&#8221;off&#8221; button_letter_spacing__hover_enabled=&#8221;off&#8221; button_one_letter_spacing__hover_enabled=&#8221;off&#8221; button_two_letter_spacing__hover_enabled=&#8221;off&#8221; button_bg_color__hover_enabled=&#8221;off&#8221; button_one_bg_color__hover_enabled=&#8221;off&#8221; button_two_bg_color__hover_enabled=&#8221;off&#8221;][\/et_pb_contact_field][et_pb_contact_field field_id=&#8221;Email&#8221; field_title=&#8221;Email&#8221; field_type=&#8221;email&#8221; fullwidth_field=&#8221;on&#8221; _builder_version=&#8221;4.21.0&#8243; global_colors_info=&#8221;{}&#8221; button_text_size__hover_enabled=&#8221;off&#8221; button_one_text_size__hover_enabled=&#8221;off&#8221; button_two_text_size__hover_enabled=&#8221;off&#8221; button_text_color__hover_enabled=&#8221;off&#8221; button_one_text_color__hover_enabled=&#8221;off&#8221; button_two_text_color__hover_enabled=&#8221;off&#8221; button_border_width__hover_enabled=&#8221;off&#8221; button_one_border_width__hover_enabled=&#8221;off&#8221; button_two_border_width__hover_enabled=&#8221;off&#8221; button_border_color__hover_enabled=&#8221;off&#8221; button_one_border_color__hover_enabled=&#8221;off&#8221; button_two_border_color__hover_enabled=&#8221;off&#8221; button_border_radius__hover_enabled=&#8221;off&#8221; button_one_border_radius__hover_enabled=&#8221;off&#8221; button_two_border_radius__hover_enabled=&#8221;off&#8221; button_letter_spacing__hover_enabled=&#8221;off&#8221; button_one_letter_spacing__hover_enabled=&#8221;off&#8221; button_two_letter_spacing__hover_enabled=&#8221;off&#8221; button_bg_color__hover_enabled=&#8221;off&#8221; button_one_bg_color__hover_enabled=&#8221;off&#8221; button_two_bg_color__hover_enabled=&#8221;off&#8221;][\/et_pb_contact_field][et_pb_contact_field field_id=&#8221;Mensaje&#8221; field_title=&#8221;Escriu aqu\u00ed la teva consulta&#8221; field_type=&#8221;text&#8221; fullwidth_field=&#8221;on&#8221; _builder_version=&#8221;4.21.0&#8243; global_colors_info=&#8221;{}&#8221; button_text_size__hover_enabled=&#8221;off&#8221; button_one_text_size__hover_enabled=&#8221;off&#8221; button_two_text_size__hover_enabled=&#8221;off&#8221; button_text_color__hover_enabled=&#8221;off&#8221; button_one_text_color__hover_enabled=&#8221;off&#8221; button_two_text_color__hover_enabled=&#8221;off&#8221; button_border_width__hover_enabled=&#8221;off&#8221; button_one_border_width__hover_enabled=&#8221;off&#8221; button_two_border_width__hover_enabled=&#8221;off&#8221; button_border_color__hover_enabled=&#8221;off&#8221; button_one_border_color__hover_enabled=&#8221;off&#8221; button_two_border_color__hover_enabled=&#8221;off&#8221; button_border_radius__hover_enabled=&#8221;off&#8221; button_one_border_radius__hover_enabled=&#8221;off&#8221; button_two_border_radius__hover_enabled=&#8221;off&#8221; button_letter_spacing__hover_enabled=&#8221;off&#8221; button_one_letter_spacing__hover_enabled=&#8221;off&#8221; button_two_letter_spacing__hover_enabled=&#8221;off&#8221; button_bg_color__hover_enabled=&#8221;off&#8221; button_one_bg_color__hover_enabled=&#8221;off&#8221; button_two_bg_color__hover_enabled=&#8221;off&#8221;][\/et_pb_contact_field][\/et_pb_contact_form][\/et_pb_column][\/et_pb_row][\/et_pb_section]<\/p>\n","protected":false},"excerpt":{"rendered":"<p>Una ubicaci\u00f3 immillorable al cor de MadridEstem aCalle Gran V\u00eda 44, 5\u00baD.Madrid, Espa\u00f1a. CONTACTEInfo@exitoenmadrid.com +34 912 53 13 59+34 722 55 95 69Com arribarMetro: Parada CallaoAutob\u00fas: A45, A54, E78Localiza tu parkingCom podem ajudar-te? Pregunteu-nos tot el que necessitis saber. Volem ajudar-te que el teu viatge a Madrid sigui tot un \u00c8xit!<\/p>\n","protected":false},"author":2,"featured_media":0,"parent":0,"menu_order":0,"comment_status":"closed","ping_status":"closed","template":"","meta":{"_et_pb_use_builder":"on","_et_pb_old_content":"","_et_gb_content_width":"","inline_featured_image":false,"footnotes":""},"class_list":["post-2058","page","type-page","status-publish","hentry"],"yoast_head":"<!-- This site is optimized with the Yoast SEO plugin v25.8 - https:\/\/yoast.com\/wordpress\/plugins\/seo\/ -->\n<title>CONTACTE | \u00c9xito en Madrid<\/title>\n<meta name=\"robots\" content=\"index, follow, max-snippet:-1, max-image-preview:large, max-video-preview:-1\" \/>\n<link rel=\"canonical\" href=\"https:\/\/exitoenmadrid.com\/ca\/contacte\/\" \/>\n<meta property=\"og:locale\" content=\"ca_ES\" \/>\n<meta property=\"og:type\" content=\"article\" \/>\n<meta property=\"og:title\" content=\"CONTACTE | \u00c9xito en Madrid\" \/>\n<meta property=\"og:description\" content=\"Una ubicaci\u00f3 immillorable al cor de MadridEstem aCalle Gran V\u00eda 44, 5\u00baD.Madrid, Espa\u00f1a. CONTACTEInfo@exitoenmadrid.com +34 912 53 13 59+34 722 55 95 69Com arribarMetro: Parada CallaoAutob\u00fas: A45, A54, E78Localiza tu parkingCom podem ajudar-te? Pregunteu-nos tot el que necessitis saber. Volem ajudar-te que el teu viatge a Madrid sigui tot un \u00c8xit!\" \/>\n<meta property=\"og:url\" content=\"https:\/\/exitoenmadrid.com\/ca\/contacte\/\" \/>\n<meta property=\"og:site_name\" content=\"\u00c9xito en Madrid\" \/>\n<meta property=\"article:modified_time\" content=\"2026-01-22T07:53:07+00:00\" \/>\n<meta name=\"twitter:card\" content=\"summary_large_image\" \/>\n<meta name=\"twitter:label1\" content=\"Temps estimat de lectura\" \/>\n\t<meta name=\"twitter:data1\" content=\"9 minuts\" \/>\n<script type=\"application\/ld+json\" class=\"yoast-schema-graph\">{\"@context\":\"https:\/\/schema.org\",\"@graph\":[{\"@type\":\"WebPage\",\"@id\":\"https:\/\/exitoenmadrid.com\/ca\/contacte\/\",\"url\":\"https:\/\/exitoenmadrid.com\/ca\/contacte\/\",\"name\":\"CONTACTE | \u00c9xito en Madrid\",\"isPartOf\":{\"@id\":\"https:\/\/exitoenmadrid.com\/ca\/#website\"},\"datePublished\":\"2025-08-29T17:58:40+00:00\",\"dateModified\":\"2026-01-22T07:53:07+00:00\",\"inLanguage\":\"ca\",\"potentialAction\":[{\"@type\":\"ReadAction\",\"target\":[\"https:\/\/exitoenmadrid.com\/ca\/contacte\/\"]}]},{\"@type\":\"WebSite\",\"@id\":\"https:\/\/exitoenmadrid.com\/ca\/#website\",\"url\":\"https:\/\/exitoenmadrid.com\/ca\/\",\"name\":\"\u00c9xito en Madrid\",\"description\":\"Alojamiento en el coraz\u00f3n de Madrid\",\"potentialAction\":[{\"@type\":\"SearchAction\",\"target\":{\"@type\":\"EntryPoint\",\"urlTemplate\":\"https:\/\/exitoenmadrid.com\/ca\/?s={search_term_string}\"},\"query-input\":{\"@type\":\"PropertyValueSpecification\",\"valueRequired\":true,\"valueName\":\"search_term_string\"}}],\"inLanguage\":\"ca\"}]}<\/script>\n<!-- \/ Yoast SEO plugin. -->","yoast_head_json":{"title":"CONTACTE | \u00c9xito en Madrid","robots":{"index":"index","follow":"follow","max-snippet":"max-snippet:-1","max-image-preview":"max-image-preview:large","max-video-preview":"max-video-preview:-1"},"canonical":"https:\/\/exitoenmadrid.com\/ca\/contacte\/","og_locale":"ca_ES","og_type":"article","og_title":"CONTACTE | \u00c9xito en Madrid","og_description":"Una ubicaci\u00f3 immillorable al cor de MadridEstem aCalle Gran V\u00eda 44, 5\u00baD.Madrid, Espa\u00f1a. CONTACTEInfo@exitoenmadrid.com +34 912 53 13 59+34 722 55 95 69Com arribarMetro: Parada CallaoAutob\u00fas: A45, A54, E78Localiza tu parkingCom podem ajudar-te? Pregunteu-nos tot el que necessitis saber. Volem ajudar-te que el teu viatge a Madrid sigui tot un \u00c8xit!","og_url":"https:\/\/exitoenmadrid.com\/ca\/contacte\/","og_site_name":"\u00c9xito en Madrid","article_modified_time":"2026-01-22T07:53:07+00:00","twitter_card":"summary_large_image","twitter_misc":{"Temps estimat de lectura":"9 minuts"},"schema":{"@context":"https:\/\/schema.org","@graph":[{"@type":"WebPage","@id":"https:\/\/exitoenmadrid.com\/ca\/contacte\/","url":"https:\/\/exitoenmadrid.com\/ca\/contacte\/","name":"CONTACTE | \u00c9xito en Madrid","isPartOf":{"@id":"https:\/\/exitoenmadrid.com\/ca\/#website"},"datePublished":"2025-08-29T17:58:40+00:00","dateModified":"2026-01-22T07:53:07+00:00","inLanguage":"ca","potentialAction":[{"@type":"ReadAction","target":["https:\/\/exitoenmadrid.com\/ca\/contacte\/"]}]},{"@type":"WebSite","@id":"https:\/\/exitoenmadrid.com\/ca\/#website","url":"https:\/\/exitoenmadrid.com\/ca\/","name":"\u00c9xito en Madrid","description":"Alojamiento en el coraz\u00f3n de Madrid","potentialAction":[{"@type":"SearchAction","target":{"@type":"EntryPoint","urlTemplate":"https:\/\/exitoenmadrid.com\/ca\/?s={search_term_string}"},"query-input":{"@type":"PropertyValueSpecification","valueRequired":true,"valueName":"search_term_string"}}],"inLanguage":"ca"}]}},"_links":{"self":[{"href":"https:\/\/exitoenmadrid.com\/ca\/wp-json\/wp\/v2\/pages\/2058","targetHints":{"allow":["GET"]}}],"collection":[{"href":"https:\/\/exitoenmadrid.com\/ca\/wp-json\/wp\/v2\/pages"}],"about":[{"href":"https:\/\/exitoenmadrid.com\/ca\/wp-json\/wp\/v2\/types\/page"}],"author":[{"embeddable":true,"href":"https:\/\/exitoenmadrid.com\/ca\/wp-json\/wp\/v2\/users\/2"}],"replies":[{"embeddable":true,"href":"https:\/\/exitoenmadrid.com\/ca\/wp-json\/wp\/v2\/comments?post=2058"}],"version-history":[{"count":9,"href":"https:\/\/exitoenmadrid.com\/ca\/wp-json\/wp\/v2\/pages\/2058\/revisions"}],"predecessor-version":[{"id":2107,"href":"https:\/\/exitoenmadrid.com\/ca\/wp-json\/wp\/v2\/pages\/2058\/revisions\/2107"}],"wp:attachment":[{"href":"https:\/\/exitoenmadrid.com\/ca\/wp-json\/wp\/v2\/media?parent=2058"}],"curies":[{"name":"wp","href":"https:\/\/api.w.org\/{rel}","templated":true}]}}