{"id":1312,"date":"2023-05-10T17:29:46","date_gmt":"2023-05-10T17:29:46","guid":{"rendered":"https:\/\/exitoenmadrid.com\/?page_id=1312"},"modified":"2024-09-11T14:28:30","modified_gmt":"2024-09-11T14:28:30","slug":"know-us","status":"publish","type":"page","link":"https:\/\/exitoenmadrid.com\/en\/know-us\/","title":{"rendered":"About us"},"content":{"rendered":"<p>[et_pb_section fb_built=&#8221;1&#8243; disabled_on=&#8221;off|off|on&#8221; admin_label=&#8221;Tarjeta 2&#8243; _builder_version=&#8221;4.21.0&#8243; _module_preset=&#8221;default&#8221; background_color=&#8221;#265CD5&#8243; custom_padding=&#8221;6%||6%||true|false&#8221; global_colors_info=&#8221;{}&#8221;][et_pb_row use_custom_gutter=&#8221;on&#8221; gutter_width=&#8221;1&#8243; module_class=&#8221;column-reverse&#8221; _builder_version=&#8221;4.21.0&#8243; _module_preset=&#8221;default&#8221; width=&#8221;54%&#8221; width_tablet=&#8221;54%&#8221; width_phone=&#8221;80%&#8221; width_last_edited=&#8221;on|phone&#8221; global_colors_info=&#8221;{}&#8221;][et_pb_column type=&#8221;4_4&#8243; _builder_version=&#8221;4.21.0&#8243; _module_preset=&#8221;default&#8221; global_colors_info=&#8221;{}&#8221;][et_pb_image src=&#8221;https:\/\/exitoenmadrid.com\/wp-content\/uploads\/2023\/06\/Masa-Color-Habitaciones.jpg&#8221; title_text=&#8221;Solid-Color-rooms&#8221; show_bottom_space=&#8221;off&#8221; align=&#8221;center&#8221; admin_label=&#8221;Masa de color&#8221; _builder_version=&#8221;4.21.0&#8243; _module_preset=&#8221;default&#8221; transform_scale=&#8221;96%|96%&#8221; transform_rotate=&#8221;0deg|0deg|353deg&#8221; positioning=&#8221;absolute&#8221; scroll_vertical_motion_enable=&#8221;on&#8221; scroll_vertical_motion=&#8221;0|50|50|100|-3|0|0&#8243; scroll_horizontal_motion=&#8221;0|50|50|100|1|0|0&#8243; scroll_rotating_enable=&#8221;on&#8221; scroll_rotating=&#8221;0|50|50|100|-10\u00b0|0|15\u00b0&#8221; global_colors_info=&#8221;{}&#8221;][\/et_pb_image][et_pb_image src=&#8221;https:\/\/exitoenmadrid.com\/wp-content\/uploads\/2023\/07\/Conocenos-Movil-2.jpg&#8221; alt=&#8221;Team \u00c9xito en Madrid&#8221; title_text=&#8221;Team \u00c9xito en Madrid&#8221; align=&#8221;right&#8221; _builder_version=&#8221;4.21.0&#8243; _module_preset=&#8221;default&#8221; custom_padding=&#8221;|5%|||false|false&#8221; animation_direction=&#8221;bottom&#8221; scroll_vertical_motion_enable=&#8221;on&#8221; scroll_vertical_motion=&#8221;0|50|50|100|2|0|0&#8243; border_color_all=&#8221;#265CD5&#8243; global_colors_info=&#8221;{}&#8221;][\/et_pb_image][\/et_pb_column][\/et_pb_row][\/et_pb_section][et_pb_section fb_built=&#8221;1&#8243; disabled_on=&#8221;on|on|off&#8221; admin_label=&#8221;Tarjeta 2&#8243; _builder_version=&#8221;4.21.0&#8243; _module_preset=&#8221;default&#8221; background_color=&#8221;#265CD5&#8243; custom_padding=&#8221;6%||6%||true|false&#8221; global_colors_info=&#8221;{}&#8221;][et_pb_row column_structure=&#8221;1_2,1_2&#8243; use_custom_gutter=&#8221;on&#8221; gutter_width=&#8221;1&#8243; module_class=&#8221;column-reverse&#8221; _builder_version=&#8221;4.21.0&#8243; _module_preset=&#8221;default&#8221; width=&#8221;54%&#8221; width_tablet=&#8221;54%&#8221; width_phone=&#8221;80%&#8221; width_last_edited=&#8221;on|phone&#8221; global_colors_info=&#8221;{}&#8221;][et_pb_column type=&#8221;1_2&#8243; _builder_version=&#8221;4.21.0&#8243; _module_preset=&#8221;default&#8221; global_colors_info=&#8221;{}&#8221;][et_pb_image src=&#8221;https:\/\/exitoenmadrid.com\/wp-content\/uploads\/2023\/06\/Geometrias.jpg&#8221; title_text=&#8221;Geometries&#8221; align=&#8221;center&#8221; admin_label=&#8221;Masa de color&#8221; _builder_version=&#8221;4.21.0&#8243; _module_preset=&#8221;default&#8221; transform_translate=&#8221;25px|5px&#8221; transform_rotate=&#8221;0deg|0deg|-14deg&#8221; positioning=&#8221;absolute&#8221; width=&#8221;100%&#8221; scroll_vertical_motion_enable=&#8221;on&#8221; scroll_vertical_motion=&#8221;0|50|50|100|1|0|0.3&#8243; scroll_horizontal_motion=&#8221;0|50|50|100|1|0|0&#8243; scroll_rotating_enable=&#8221;on&#8221; scroll_rotating=&#8221;0|50|50|100|10\u00b0|0|10\u00b0&#8221; global_colors_info=&#8221;{}&#8221;][\/et_pb_image][et_pb_image src=&#8221;https:\/\/exitoenmadrid.com\/wp-content\/uploads\/2023\/07\/Conocenos-3.jpg&#8221; title_text=&#8221;Know-us&#8221; align=&#8221;right&#8221; _builder_version=&#8221;4.21.0&#8243; _module_preset=&#8221;default&#8221; custom_padding=&#8221;|5%|||false|false&#8221; animation_direction=&#8221;bottom&#8221; scroll_vertical_motion_enable=&#8221;on&#8221; scroll_vertical_motion=&#8221;0|50|50|100|2|0|0&#8243; border_color_all=&#8221;#265CD5&#8243; global_colors_info=&#8221;{}&#8221;][\/et_pb_image][\/et_pb_column][et_pb_column type=&#8221;1_2&#8243; _builder_version=&#8221;4.21.0&#8243; _module_preset=&#8221;default&#8221; global_colors_info=&#8221;{}&#8221;][et_pb_image src=&#8221;https:\/\/exitoenmadrid.com\/wp-content\/uploads\/2023\/06\/Geometrias.jpg&#8221; title_text=&#8221;Geometries&#8221; align=&#8221;center&#8221; admin_label=&#8221;Masa de color&#8221; _builder_version=&#8221;4.21.0&#8243; _module_preset=&#8221;default&#8221; transform_translate=&#8221;-25px|4px&#8221; transform_rotate=&#8221;0deg|0deg|14deg&#8221; positioning=&#8221;absolute&#8221; width=&#8221;100%&#8221; scroll_vertical_motion_enable=&#8221;on&#8221; scroll_vertical_motion=&#8221;0|50|50|100|1|0|0.3&#8243; scroll_horizontal_motion=&#8221;0|50|50|100|1|0|0&#8243; scroll_rotating_enable=&#8221;on&#8221; scroll_rotating=&#8221;0|50|50|100|-10\u00b0|0|-10\u00b0&#8221; global_colors_info=&#8221;{}&#8221;][\/et_pb_image][et_pb_image src=&#8221;https:\/\/exitoenmadrid.com\/wp-content\/uploads\/2023\/07\/Conocenos-4.jpg&#8221; title_text=&#8221;Know-us&#8221; _builder_version=&#8221;4.21.0&#8243; _module_preset=&#8221;default&#8221; custom_padding=&#8221;|||5%|false|false&#8221; animation_direction=&#8221;bottom&#8221; scroll_vertical_motion_enable=&#8221;on&#8221; scroll_vertical_motion=&#8221;0|50|50|100|2|0|0&#8243; border_color_all=&#8221;#265CD5&#8243; global_colors_info=&#8221;{}&#8221;][\/et_pb_image][\/et_pb_column][\/et_pb_row][\/et_pb_section][et_pb_section fb_built=&#8221;1&#8243; _builder_version=&#8221;4.21.0&#8243; _module_preset=&#8221;default&#8221; background_color=&#8221;#265CD5&#8243; custom_padding=&#8221;0px|||||&#8221; global_colors_info=&#8221;{}&#8221;][et_pb_row _builder_version=&#8221;4.21.0&#8243; _module_preset=&#8221;default&#8221; global_colors_info=&#8221;{}&#8221;][et_pb_column type=&#8221;4_4&#8243; _builder_version=&#8221;4.21.0&#8243; _module_preset=&#8221;default&#8221; global_colors_info=&#8221;{}&#8221;][et_pb_text _builder_version=&#8221;4.21.0&#8243; _module_preset=&#8221;default&#8221; text_text_color=&#8221;#FFFFFF&#8221; header_text_color=&#8221;#FFFFFF&#8221; text_orientation=&#8221;center&#8221; width=&#8221;45%&#8221; width_tablet=&#8221;90%&#8221; width_phone=&#8221;90%&#8221; width_last_edited=&#8221;on|phone&#8221; module_alignment=&#8221;center&#8221; global_colors_info=&#8221;{}&#8221;]<\/p>\n<h1>The best way to understand a traveler <span class=\"serif\">is to be one of them<\/span><\/h1>\n<p>[\/et_pb_text][et_pb_divider color=&#8221;#FFFFFF&#8221; divider_weight=&#8221;5px&#8221; _builder_version=&#8221;4.21.0&#8243; _module_preset=&#8221;default&#8221; width=&#8221;5%&#8221; width_tablet=&#8221;10%&#8221; width_phone=&#8221;15%&#8221; width_last_edited=&#8221;on|phone&#8221; module_alignment=&#8221;center&#8221; global_colors_info=&#8221;{}&#8221;][\/et_pb_divider][et_pb_text _builder_version=&#8221;4.21.0&#8243; _module_preset=&#8221;default&#8221; text_text_color=&#8221;#FFFFFF&#8221; header_3_text_color=&#8221;#FFFFFF&#8221; header_4_text_color=&#8221;#FFFFFF&#8221; header_5_text_color=&#8221;#FFFFFF&#8221; header_6_text_color=&#8221;#FFFFFF&#8221; text_orientation=&#8221;center&#8221; width=&#8221;50%&#8221; width_tablet=&#8221;95%&#8221; width_phone=&#8221;100%&#8221; width_last_edited=&#8221;on|phone&#8221; module_alignment=&#8221;center&#8221; inline_fonts=&#8221;Paytone One,Playfair Display &#8211; Italic&#8221; global_colors_info=&#8221;{}&#8221;]<\/p>\n<p>We, as Mother and daughter started this great project in February 2021.<\/p>\n<p>Together, we traveled 21 years around the world: Spain, Europe or countries like Mongolia, India, Amazonas, etc.<\/p>\n<p>These trips made us understand how wonderful it is to learn about other cultures. Not only for their customs and gastronomies, but also for how delightfull getting to know other personalities and ways of living is.<\/p>\n<p>It was just then when the boss &#8211; mother- came up with the idea of creating a home in our own home: This would give us the opportunity to receive other travelers like us with the same concerns and curiosities.<\/p>\n<p>And we would do it surrounded by the great team that accompanies us in this adventure: the cleaning team and the night and day reception teams. Thanks to them we continue to carry out this great project.<span style=\"font-family: Paytone One;\"><\/span> <\/p>\n<p>[\/et_pb_text][et_pb_image src=&#8221;https:\/\/exitoenmadrid.com\/wp-content\/uploads\/2024\/05\/Foto-Equipo-2024-Exito-en-Madrid.jpeg&#8221; alt=&#8221;Foto Equipo 2024 \u00c9xito en Madrid&#8221; title_text=&#8221;Foto Equipo 2024 \u00c9xito en Madrid&#8221; show_bottom_space=&#8221;off&#8221; src_tablet=&#8221;https:\/\/exitoenmadrid.com\/wp-content\/uploads\/2024\/05\/Foto-Equipo-2024-Exito-en-Madrid.jpeg&#8221; src_phone=&#8221;https:\/\/exitoenmadrid.com\/wp-content\/uploads\/2024\/05\/Foto-Equipo-2024-Exito-en-Madrid.jpeg&#8221; src_last_edited=&#8221;on|desktop&#8221; disabled_on=&#8221;off|off|off&#8221; _builder_version=&#8221;4.21.0&#8243; _module_preset=&#8221;default&#8221; width=&#8221;28%&#8221; width_tablet=&#8221;28%&#8221; width_phone=&#8221;28%&#8221; width_last_edited=&#8221;on|phone&#8221; module_alignment=&#8221;center&#8221; custom_margin=&#8221;0px|0px|3%||false|false&#8221; custom_margin_tablet=&#8221;0px|0px|3%||false|false&#8221; custom_margin_phone=&#8221;0px|0px|12%||false|false&#8221; custom_margin_last_edited=&#8221;on|phone&#8221; custom_padding=&#8221;0px||0px|0px|false|false&#8221; animation_style=&#8221;fold&#8221; animation_duration=&#8221;850ms&#8221; animation_delay=&#8221;1000ms&#8221; animation_speed_curve=&#8221;ease&#8221; border_width_all=&#8221;5px&#8221; border_color_all=&#8221;#FFFFFF&#8221; box_shadow_style=&#8221;preset4&#8243; box_shadow_horizontal=&#8221;9px&#8221; box_shadow_vertical=&#8221;7px&#8221; box_shadow_color=&#8221;#E2EBFF&#8221; global_colors_info=&#8221;{}&#8221; global_module=&#8221;2022&#8243; theme_builder_area=&#8221;post_content&#8221;][\/et_pb_image][et_pb_text _builder_version=&#8221;4.21.0&#8243; _module_preset=&#8221;default&#8221; text_text_color=&#8221;#FFFFFF&#8221; header_3_text_color=&#8221;#FFFFFF&#8221; header_4_text_color=&#8221;#FFFFFF&#8221; header_5_text_color=&#8221;#FFFFFF&#8221; header_6_text_color=&#8221;#FFFFFF&#8221; text_orientation=&#8221;center&#8221; width=&#8221;50%&#8221; width_tablet=&#8221;95%&#8221; width_phone=&#8221;100%&#8221; width_last_edited=&#8221;on|phone&#8221; module_alignment=&#8221;center&#8221; inline_fonts=&#8221;Paytone One,Playfair Display &#8211; Italic&#8221; global_colors_info=&#8221;{}&#8221;]<\/p>\n<p>Exito in Madrid is a place where you will find comfort, an unbeatable location and the best possible attention to enjoy this great city that is <span style=\"font-family: Paytone One; font-weight: normal;\">Madrid.<\/span><\/p>\n<p>A city full of life wherever you look. And just like that came the idea of assigning each room for a different type of traveler: En Familia, Exitazo, Mochilera (Backpacker), Arte&#8230; and, of course, a room for people with reduced mobility Gald\u00f3s.<\/p>\n<p>You will find us in Gran V\u00eda 44, a location that brings together the most energetic, vigorous and dynamic atmosphere along with incredible views of the heart of the capital.<\/p>\n<p>Our accommodation adapts to the needs of each traveler and this, together with the functionalities of this house, will make your experience in Madrid,<br \/><span style=\"font-family: Paytone One;\">A complete success!<\/span><\/p>\n<p>&nbsp;<\/p>\n<p>[\/et_pb_text][\/et_pb_column][\/et_pb_row][\/et_pb_section][et_pb_section fb_built=&#8221;1&#8243; custom_padding_last_edited=&#8221;on|tablet&#8221; admin_label=&#8221;Banda m\u00f3vil&#8221; _builder_version=&#8221;4.21.0&#8243; _module_preset=&#8221;default&#8221; background_color=&#8221;#265CD5&#8243; custom_margin=&#8221;0px||||false|false&#8221; custom_margin_tablet=&#8221;0px||||false|false&#8221; custom_margin_phone=&#8221;0px||||false|false&#8221; custom_margin_last_edited=&#8221;on|phone&#8221; custom_padding=&#8221;0px||||false|false&#8221; custom_padding_tablet=&#8221;0px||||false|false&#8221; custom_padding_phone=&#8221;0px||||false|false&#8221; saved_tabs=&#8221;all&#8221; collapsed=&#8221;off&#8221; global_colors_info=&#8221;{}&#8221;][et_pb_row custom_padding_last_edited=&#8221;on|phone&#8221; _builder_version=&#8221;4.21.0&#8243; _module_preset=&#8221;default&#8221; transform_rotate=&#8221;0deg|0deg|-2deg&#8221; width=&#8221;200%&#8221; width_tablet=&#8221;200%&#8221; width_phone=&#8221;300%&#8221; width_last_edited=&#8221;on|phone&#8221; custom_margin=&#8221;0px||||false|false&#8221; custom_margin_tablet=&#8221;&#8221; custom_margin_phone=&#8221;&#8221; custom_margin_last_edited=&#8221;on|phone&#8221; custom_padding=&#8221;0px||||false|false&#8221; custom_padding_tablet=&#8221;&#8221; custom_padding_phone=&#8221;&#8221; scroll_horizontal_motion_enable=&#8221;on&#8221; scroll_horizontal_motion=&#8221;0|50|50|100|-8|0|-2&#8243; global_colors_info=&#8221;{}&#8221;][et_pb_column type=&#8221;4_4&#8243; _builder_version=&#8221;4.21.0&#8243; _module_preset=&#8221;default&#8221; global_colors_info=&#8221;{}&#8221;][et_pb_text module_class=&#8221;eemstroke-blanco banda&#8221; _builder_version=&#8221;4.21.0&#8243; _module_preset=&#8221;default&#8221; text_font=&#8221;Playfair Display &#8211; Italic|700|||||||&#8221; text_font_size=&#8221;80px&#8221; width=&#8221;500%&#8221; width_tablet=&#8221;500%&#8221; width_phone=&#8221;400%&#8221; width_last_edited=&#8221;on|phone&#8221; custom_margin_tablet=&#8221;&#8221; custom_margin_phone=&#8221;&#8221; custom_margin_last_edited=&#8221;on|phone&#8221; custom_padding_tablet=&#8221;&#8221; custom_padding_phone=&#8221;&#8221; custom_padding_last_edited=&#8221;on|phone&#8221; global_colors_info=&#8221;{}&#8221;]<\/p>\n<p>For \u00c9xito there is nothing impossible. For \u00c9xito there is nothing impossible. For \u00c9xito there is nothing impossible.<\/p>\n<p>[\/et_pb_text][\/et_pb_column][\/et_pb_row][\/et_pb_section][et_pb_section fb_built=&#8221;1&#8243; _builder_version=&#8221;4.21.0&#8243; _module_preset=&#8221;default&#8221; background_color=&#8221;#265CD5&#8243; custom_margin=&#8221;0px||0px||false|false&#8221; custom_padding=&#8221;0px||0px||true|false&#8221; global_colors_info=&#8221;{}&#8221;][et_pb_row custom_padding_last_edited=&#8221;on|phone&#8221; _builder_version=&#8221;4.21.0&#8243; _module_preset=&#8221;default&#8221; custom_padding_tablet=&#8221;&#8221; custom_padding_phone=&#8221;||20%||false|false&#8221; global_colors_info=&#8221;{}&#8221;][et_pb_column type=&#8221;4_4&#8243; _builder_version=&#8221;4.21.0&#8243; _module_preset=&#8221;default&#8221; global_colors_info=&#8221;{}&#8221;][et_pb_image src=&#8221;https:\/\/exitoenmadrid.com\/wp-content\/uploads\/2023\/06\/Conocenos-Ilusracion-V2.png&#8221; title_text=&#8221;Know-us-Ilusration-V2&#8243; align=&#8221;center&#8221; _builder_version=&#8221;4.21.0&#8243; _module_preset=&#8221;default&#8221; global_colors_info=&#8221;{}&#8221;][\/et_pb_image][et_pb_text _builder_version=&#8221;4.21.0&#8243; _module_preset=&#8221;default&#8221; header_3_text_align=&#8221;center&#8221; header_3_text_color=&#8221;#FFFFFF&#8221; width=&#8221;40%&#8221; width_tablet=&#8221;90%&#8221; width_phone=&#8221;100%&#8221; width_last_edited=&#8221;on|phone&#8221; module_alignment=&#8221;center&#8221; global_colors_info=&#8221;{}&#8221;]<\/p>\n<h3>Come, meet us and <span class=\"serif\">stay<\/span> as long as you want.<\/h3>\n<h3><span class=\"serif\">You will feel at home.<\/span><\/h3>\n<p>[\/et_pb_text][et_pb_button button_url=&#8221;@ET-DC@eyJkeW5hbWljIjp0cnVlLCJjb250ZW50IjoicG9zdF9saW5rX3VybF9wYWdlIiwic2V0dGluZ3MiOnsicG9zdF9pZCI6IjE0In19@&#8221; button_text=&#8221;Successful Reservations&#8221; button_alignment=&#8221;center&#8221; button_alignment_tablet=&#8221;&#8221; button_alignment_phone=&#8221;&#8221; button_alignment_last_edited=&#8221;on|phone&#8221; _builder_version=&#8221;4.21.0&#8243; _dynamic_attributes=&#8221;button_url&#8221; _module_preset=&#8221;default&#8221; custom_button=&#8221;on&#8221; button_text_color=&#8221;#265CD5&#8243; button_bg_color=&#8221;#FFFFFF&#8221; button_border_width=&#8221;5px&#8221; button_border_color=&#8221;#E2EBFF&#8221; button_border_radius=&#8221;0px&#8221; button_font=&#8221;Paytone One||||||||&#8221; button_on_hover=&#8221;off&#8221; custom_margin=&#8221;||5%||false|false&#8221; custom_padding=&#8221;1%||1%||true|false&#8221; custom_padding_tablet=&#8221;2%||2%||true|false&#8221; custom_padding_phone=&#8221;3.5%||3.5%||true|false&#8221; custom_padding_last_edited=&#8221;on|phone&#8221; box_shadow_style=&#8221;preset4&#8243; box_shadow_horizontal=&#8221;4px&#8221; box_shadow_vertical=&#8221;5px&#8221; box_shadow_color=&#8221;#E2EBFF&#8221; global_colors_info=&#8221;{}&#8221; box_shadow_color__hover_enabled=&#8221;on|hover&#8221; box_shadow_color__hover=&#8221;#FD8D7C&#8221; button_text_color__hover_enabled=&#8221;on|desktop&#8221; button_text_color__hover=&#8221;#FD8D7C&#8221; button_border_color__hover_enabled=&#8221;on|desktop&#8221; button_border_color__hover=&#8221;#FD8D7C&#8221; button_bg_color__hover_enabled=&#8221;on|hover&#8221; button_bg_color__hover=&#8221;#FFFFFF&#8221; button_bg_enable_color__hover=&#8221;on&#8221;][\/et_pb_button][\/et_pb_column][\/et_pb_row][\/et_pb_section]<\/p>\n","protected":false},"excerpt":{"rendered":"<p>The best way to understand a traveler is to be one of themWe, as Mother and daughter started this great project in February 2021. Together, we traveled 21 years around the world: Spain, Europe or countries like Mongolia, India, Amazonas, etc. These trips made us understand how wonderful it is to learn about other cultures. [&hellip;]<\/p>\n","protected":false},"author":2,"featured_media":0,"parent":0,"menu_order":0,"comment_status":"closed","ping_status":"closed","template":"","meta":{"_et_pb_use_builder":"on","_et_pb_old_content":"","_et_gb_content_width":"","inline_featured_image":false,"footnotes":""},"class_list":["post-1312","page","type-page","status-publish","hentry"],"yoast_head":"<!-- This site is optimized with the Yoast SEO plugin v25.8 - https:\/\/yoast.com\/wordpress\/plugins\/seo\/ -->\n<title>Your accommodation in the center of Madrid | \u00c9xito en Madrid<\/title>\n<meta name=\"description\" content=\"\u00c9xito in Madrid is an accommodation on Madrid&#039;s Gran V\u00eda, with personalized rooms for all types of travellers. Come meet us!\" \/>\n<meta name=\"robots\" content=\"index, follow, max-snippet:-1, max-image-preview:large, max-video-preview:-1\" \/>\n<link rel=\"canonical\" href=\"https:\/\/exitoenmadrid.com\/en\/know-us\/\" \/>\n<meta property=\"og:locale\" content=\"en_US\" \/>\n<meta property=\"og:type\" content=\"article\" \/>\n<meta property=\"og:title\" content=\"Your accommodation in the center of Madrid | \u00c9xito en Madrid\" \/>\n<meta property=\"og:description\" content=\"\u00c9xito in Madrid is an accommodation on Madrid&#039;s Gran V\u00eda, with personalized rooms for all types of travellers. Come meet us!\" \/>\n<meta property=\"og:url\" content=\"https:\/\/exitoenmadrid.com\/en\/know-us\/\" \/>\n<meta property=\"og:site_name\" content=\"\u00c9xito en Madrid\" \/>\n<meta property=\"article:modified_time\" content=\"2024-09-11T14:28:30+00:00\" \/>\n<meta name=\"twitter:card\" content=\"summary_large_image\" \/>\n<meta name=\"twitter:label1\" content=\"Est. reading time\" \/>\n\t<meta name=\"twitter:data1\" content=\"9 minutes\" \/>\n<script type=\"application\/ld+json\" class=\"yoast-schema-graph\">{\"@context\":\"https:\/\/schema.org\",\"@graph\":[{\"@type\":\"WebPage\",\"@id\":\"https:\/\/exitoenmadrid.com\/en\/know-us\/\",\"url\":\"https:\/\/exitoenmadrid.com\/en\/know-us\/\",\"name\":\"Your accommodation in the center of Madrid | \u00c9xito en Madrid\",\"isPartOf\":{\"@id\":\"https:\/\/exitoenmadrid.com\/en\/#website\"},\"datePublished\":\"2023-05-10T17:29:46+00:00\",\"dateModified\":\"2024-09-11T14:28:30+00:00\",\"description\":\"\u00c9xito in Madrid is an accommodation on Madrid's Gran V\u00eda, with personalized rooms for all types of travellers. Come meet us!\",\"inLanguage\":\"en-US\",\"potentialAction\":[{\"@type\":\"ReadAction\",\"target\":[\"https:\/\/exitoenmadrid.com\/en\/know-us\/\"]}]},{\"@type\":\"WebSite\",\"@id\":\"https:\/\/exitoenmadrid.com\/en\/#website\",\"url\":\"https:\/\/exitoenmadrid.com\/en\/\",\"name\":\"\u00c9xito en Madrid\",\"description\":\"Alojamiento en el coraz\u00f3n de Madrid\",\"potentialAction\":[{\"@type\":\"SearchAction\",\"target\":{\"@type\":\"EntryPoint\",\"urlTemplate\":\"https:\/\/exitoenmadrid.com\/en\/?s={search_term_string}\"},\"query-input\":{\"@type\":\"PropertyValueSpecification\",\"valueRequired\":true,\"valueName\":\"search_term_string\"}}],\"inLanguage\":\"en-US\"}]}<\/script>\n<!-- \/ Yoast SEO plugin. -->","yoast_head_json":{"title":"Your accommodation in the center of Madrid | \u00c9xito en Madrid","description":"\u00c9xito in Madrid is an accommodation on Madrid's Gran V\u00eda, with personalized rooms for all types of travellers. Come meet us!","robots":{"index":"index","follow":"follow","max-snippet":"max-snippet:-1","max-image-preview":"max-image-preview:large","max-video-preview":"max-video-preview:-1"},"canonical":"https:\/\/exitoenmadrid.com\/en\/know-us\/","og_locale":"en_US","og_type":"article","og_title":"Your accommodation in the center of Madrid | \u00c9xito en Madrid","og_description":"\u00c9xito in Madrid is an accommodation on Madrid's Gran V\u00eda, with personalized rooms for all types of travellers. Come meet us!","og_url":"https:\/\/exitoenmadrid.com\/en\/know-us\/","og_site_name":"\u00c9xito en Madrid","article_modified_time":"2024-09-11T14:28:30+00:00","twitter_card":"summary_large_image","twitter_misc":{"Est. reading time":"9 minutes"},"schema":{"@context":"https:\/\/schema.org","@graph":[{"@type":"WebPage","@id":"https:\/\/exitoenmadrid.com\/en\/know-us\/","url":"https:\/\/exitoenmadrid.com\/en\/know-us\/","name":"Your accommodation in the center of Madrid | \u00c9xito en Madrid","isPartOf":{"@id":"https:\/\/exitoenmadrid.com\/en\/#website"},"datePublished":"2023-05-10T17:29:46+00:00","dateModified":"2024-09-11T14:28:30+00:00","description":"\u00c9xito in Madrid is an accommodation on Madrid's Gran V\u00eda, with personalized rooms for all types of travellers. Come meet us!","inLanguage":"en-US","potentialAction":[{"@type":"ReadAction","target":["https:\/\/exitoenmadrid.com\/en\/know-us\/"]}]},{"@type":"WebSite","@id":"https:\/\/exitoenmadrid.com\/en\/#website","url":"https:\/\/exitoenmadrid.com\/en\/","name":"\u00c9xito en Madrid","description":"Alojamiento en el coraz\u00f3n de Madrid","potentialAction":[{"@type":"SearchAction","target":{"@type":"EntryPoint","urlTemplate":"https:\/\/exitoenmadrid.com\/en\/?s={search_term_string}"},"query-input":{"@type":"PropertyValueSpecification","valueRequired":true,"valueName":"search_term_string"}}],"inLanguage":"en-US"}]}},"_links":{"self":[{"href":"https:\/\/exitoenmadrid.com\/en\/wp-json\/wp\/v2\/pages\/1312","targetHints":{"allow":["GET"]}}],"collection":[{"href":"https:\/\/exitoenmadrid.com\/en\/wp-json\/wp\/v2\/pages"}],"about":[{"href":"https:\/\/exitoenmadrid.com\/en\/wp-json\/wp\/v2\/types\/page"}],"author":[{"embeddable":true,"href":"https:\/\/exitoenmadrid.com\/en\/wp-json\/wp\/v2\/users\/2"}],"replies":[{"embeddable":true,"href":"https:\/\/exitoenmadrid.com\/en\/wp-json\/wp\/v2\/comments?post=1312"}],"version-history":[{"count":0,"href":"https:\/\/exitoenmadrid.com\/en\/wp-json\/wp\/v2\/pages\/1312\/revisions"}],"wp:attachment":[{"href":"https:\/\/exitoenmadrid.com\/en\/wp-json\/wp\/v2\/media?parent=1312"}],"curies":[{"name":"wp","href":"https:\/\/api.w.org\/{rel}","templated":true}]}}