{"id":2001,"date":"2023-05-10T17:29:46","date_gmt":"2023-05-10T17:29:46","guid":{"rendered":"https:\/\/exitoenmadrid.com\/conosciamoci\/"},"modified":"2024-09-11T14:25:43","modified_gmt":"2024-09-11T14:25:43","slug":"conosciamoci","status":"publish","type":"page","link":"https:\/\/exitoenmadrid.com\/it\/conosciamoci\/","title":{"rendered":"CONOSCIAMOCI"},"content":{"rendered":"<p>[et_pb_section fb_built=&#8221;1&#8243; disabled_on=&#8221;off|off|on&#8221; admin_label=&#8221;Tarjeta 2&#8243; _builder_version=&#8221;4.21.0&#8243; _module_preset=&#8221;default&#8221; background_color=&#8221;#265CD5&#8243; custom_padding=&#8221;6%||6%||true|false&#8221; global_colors_info=&#8221;{}&#8221;][et_pb_row use_custom_gutter=&#8221;on&#8221; gutter_width=&#8221;1&#8243; module_class=&#8221;column-reverse&#8221; _builder_version=&#8221;4.21.0&#8243; _module_preset=&#8221;default&#8221; width=&#8221;54%&#8221; width_tablet=&#8221;54%&#8221; width_phone=&#8221;80%&#8221; width_last_edited=&#8221;on|phone&#8221; global_colors_info=&#8221;{}&#8221;][et_pb_column type=&#8221;4_4&#8243; _builder_version=&#8221;4.21.0&#8243; _module_preset=&#8221;default&#8221; global_colors_info=&#8221;{}&#8221;][et_pb_image src=&#8221;https:\/\/exitoenmadrid.com\/wp-content\/uploads\/2023\/06\/Masa-Color-Habitaciones.jpg&#8221; title_text=&#8221;Masa-Colour-Rooms&#8221; show_bottom_space=&#8221;off&#8221; align=&#8221;center&#8221; admin_label=&#8221;Masa de color&#8221; _builder_version=&#8221;4.21.0&#8243; _module_preset=&#8221;default&#8221; transform_scale=&#8221;96%|96%&#8221; transform_rotate=&#8221;0deg|0deg|353deg&#8221; positioning=&#8221;absolute&#8221; scroll_vertical_motion_enable=&#8221;on&#8221; scroll_vertical_motion=&#8221;0|50|50|100|-3|0|0&#8243; scroll_horizontal_motion=&#8221;0|50|50|100|1|0|0&#8243; scroll_rotating_enable=&#8221;on&#8221; scroll_rotating=&#8221;0|50|50|100|-10\u00b0|0|15\u00b0&#8221; global_colors_info=&#8221;{}&#8221;][\/et_pb_image][et_pb_image src=&#8221;https:\/\/exitoenmadrid.com\/wp-content\/uploads\/2023\/07\/Conocenos-Movil-2.jpg&#8221; alt=&#8221;Equipo \u00c9xito en Madrid&#8221; title_text=&#8221;Equipo \u00c9xito en Madrid&#8221; align=&#8221;right&#8221; _builder_version=&#8221;4.21.0&#8243; _module_preset=&#8221;default&#8221; custom_padding=&#8221;|5%|||false|false&#8221; animation_direction=&#8221;bottom&#8221; scroll_vertical_motion_enable=&#8221;on&#8221; scroll_vertical_motion=&#8221;0|50|50|100|2|0|0&#8243; border_color_all=&#8221;#265CD5&#8243; global_colors_info=&#8221;{}&#8221;][\/et_pb_image][\/et_pb_column][\/et_pb_row][\/et_pb_section][et_pb_section fb_built=&#8221;1&#8243; disabled_on=&#8221;on|on|off&#8221; admin_label=&#8221;Tarjeta 2&#8243; _builder_version=&#8221;4.21.0&#8243; _module_preset=&#8221;default&#8221; background_color=&#8221;#265CD5&#8243; custom_padding=&#8221;6%||6%||true|false&#8221; global_colors_info=&#8221;{}&#8221;][et_pb_row column_structure=&#8221;1_2,1_2&#8243; use_custom_gutter=&#8221;on&#8221; gutter_width=&#8221;1&#8243; module_class=&#8221;column-reverse&#8221; _builder_version=&#8221;4.21.0&#8243; _module_preset=&#8221;default&#8221; width=&#8221;54%&#8221; width_tablet=&#8221;54%&#8221; width_phone=&#8221;80%&#8221; width_last_edited=&#8221;on|phone&#8221; global_colors_info=&#8221;{}&#8221;][et_pb_column type=&#8221;1_2&#8243; _builder_version=&#8221;4.21.0&#8243; _module_preset=&#8221;default&#8221; global_colors_info=&#8221;{}&#8221;][et_pb_image src=&#8221;https:\/\/exitoenmadrid.com\/wp-content\/uploads\/2023\/06\/Geometrias.jpg&#8221; title_text=&#8221;Geometrias&#8221; align=&#8221;center&#8221; admin_label=&#8221;Masa de color&#8221; _builder_version=&#8221;4.21.0&#8243; _module_preset=&#8221;default&#8221; transform_translate=&#8221;25px|5px&#8221; transform_rotate=&#8221;0deg|0deg|-14deg&#8221; positioning=&#8221;absolute&#8221; width=&#8221;100%&#8221; scroll_vertical_motion_enable=&#8221;on&#8221; scroll_vertical_motion=&#8221;0|50|50|100|1|0|0.3&#8243; scroll_horizontal_motion=&#8221;0|50|50|100|1|0|0&#8243; scroll_rotating_enable=&#8221;on&#8221; scroll_rotating=&#8221;0|50|50|100|10\u00b0|0|10\u00b0&#8221; global_colors_info=&#8221;{}&#8221;][\/et_pb_image][et_pb_image src=&#8221;https:\/\/exitoenmadrid.com\/wp-content\/uploads\/2023\/07\/Conocenos-3.jpg&#8221; title_text=&#8221;Conocenos-3&#8243; align=&#8221;right&#8221; _builder_version=&#8221;4.21.0&#8243; _module_preset=&#8221;default&#8221; custom_padding=&#8221;|5%|||false|false&#8221; animation_direction=&#8221;bottom&#8221; scroll_vertical_motion_enable=&#8221;on&#8221; scroll_vertical_motion=&#8221;0|50|50|100|2|0|0&#8243; border_color_all=&#8221;#265CD5&#8243; global_colors_info=&#8221;{}&#8221;][\/et_pb_image][\/et_pb_column][et_pb_column type=&#8221;1_2&#8243; _builder_version=&#8221;4.21.0&#8243; _module_preset=&#8221;default&#8221; global_colors_info=&#8221;{}&#8221;][et_pb_image src=&#8221;https:\/\/exitoenmadrid.com\/wp-content\/uploads\/2023\/06\/Geometrias.jpg&#8221; title_text=&#8221;Geometrias&#8221; align=&#8221;center&#8221; admin_label=&#8221;Masa de color&#8221; _builder_version=&#8221;4.21.0&#8243; _module_preset=&#8221;default&#8221; transform_translate=&#8221;-25px|4px&#8221; transform_rotate=&#8221;0deg|0deg|14deg&#8221; positioning=&#8221;absolute&#8221; width=&#8221;100%&#8221; scroll_vertical_motion_enable=&#8221;on&#8221; scroll_vertical_motion=&#8221;0|50|50|100|1|0|0.3&#8243; scroll_horizontal_motion=&#8221;0|50|50|100|1|0|0&#8243; scroll_rotating_enable=&#8221;on&#8221; scroll_rotating=&#8221;0|50|50|100|-10\u00b0|0|-10\u00b0&#8221; global_colors_info=&#8221;{}&#8221;][\/et_pb_image][et_pb_image src=&#8221;https:\/\/exitoenmadrid.com\/wp-content\/uploads\/2023\/07\/Conocenos-4.jpg&#8221; title_text=&#8221;Conocenos-4&#8243; _builder_version=&#8221;4.21.0&#8243; _module_preset=&#8221;default&#8221; custom_padding=&#8221;|||5%|false|false&#8221; animation_direction=&#8221;bottom&#8221; scroll_vertical_motion_enable=&#8221;on&#8221; scroll_vertical_motion=&#8221;0|50|50|100|2|0|0&#8243; border_color_all=&#8221;#265CD5&#8243; global_colors_info=&#8221;{}&#8221;][\/et_pb_image][\/et_pb_column][\/et_pb_row][\/et_pb_section][et_pb_section fb_built=&#8221;1&#8243; _builder_version=&#8221;4.21.0&#8243; _module_preset=&#8221;default&#8221; background_color=&#8221;#265CD5&#8243; custom_padding=&#8221;0px|||||&#8221; global_colors_info=&#8221;{}&#8221;][et_pb_row _builder_version=&#8221;4.21.0&#8243; _module_preset=&#8221;default&#8221; global_colors_info=&#8221;{}&#8221;][et_pb_column type=&#8221;4_4&#8243; _builder_version=&#8221;4.21.0&#8243; _module_preset=&#8221;default&#8221; global_colors_info=&#8221;{}&#8221;][et_pb_text _builder_version=&#8221;4.21.0&#8243; _module_preset=&#8221;default&#8221; text_text_color=&#8221;#FFFFFF&#8221; header_text_color=&#8221;#FFFFFF&#8221; text_orientation=&#8221;center&#8221; width=&#8221;45%&#8221; width_tablet=&#8221;90%&#8221; width_phone=&#8221;90%&#8221; width_last_edited=&#8221;on|phone&#8221; module_alignment=&#8221;center&#8221; global_colors_info=&#8221;{}&#8221;]<\/p>\n<h1>Il miglior modo per capire un viaggiatore, <span class=\"serif\">\u00e8 essere uno di loro<\/span><\/h1>\n<p>[\/et_pb_text][et_pb_divider color=&#8221;#FFFFFF&#8221; divider_weight=&#8221;5px&#8221; _builder_version=&#8221;4.21.0&#8243; _module_preset=&#8221;default&#8221; width=&#8221;5%&#8221; width_tablet=&#8221;10%&#8221; width_phone=&#8221;15%&#8221; width_last_edited=&#8221;on|phone&#8221; module_alignment=&#8221;center&#8221; global_colors_info=&#8221;{}&#8221;][\/et_pb_divider][et_pb_text _builder_version=&#8221;4.21.0&#8243; _module_preset=&#8221;default&#8221; text_text_color=&#8221;#FFFFFF&#8221; header_3_text_color=&#8221;#FFFFFF&#8221; header_4_text_color=&#8221;#FFFFFF&#8221; header_5_text_color=&#8221;#FFFFFF&#8221; header_6_text_color=&#8221;#FFFFFF&#8221; text_orientation=&#8221;center&#8221; width=&#8221;50%&#8221; width_tablet=&#8221;95%&#8221; width_phone=&#8221;100%&#8221; width_last_edited=&#8221;on|phone&#8221; module_alignment=&#8221;center&#8221; inline_fonts=&#8221;Paytone One,Playfair Display &#8211; Italic&#8221; global_colors_info=&#8221;{}&#8221;]<\/p>\n<p>Siamo madre e figlia e abbiamo avviato questo progetto a febbraio del 2021.<\/p>\n<p>Insieme, abbiamo viaggiato ben 21 anni per il mondo: Spagna, Europa, paesi come la Mongolia, India, Amazzonia.<\/p>\n<p>Viaggiare ci ha fatto capire quanto sia meraviglioso conoscere nuove culture Non solo per conoscere le tradizioni e la gastronomia, ma anche per l\u2019arricchimento personale che ne deriva dal contatto con altre persone.<\/p>\n<p>Fu allora che a mia madre venne in mente di creare un posto accogliente a casa nostra, in modo da essere noi, questa volta, ad accogliere i viaggiatori curiosi come lo siamo state noi.<\/p>\n<p>Tutto ci\u00f2 \u00e8 stato reso possibile grazie alla nostra grande squadra: gli addetti alle pulizie e gli addetti alla reception. Grazie a loro possiamo portare avanti questo nostro grande progetto.<span style=\"font-family: Paytone One;\"><\/span> <\/p>\n<p>[\/et_pb_text][et_pb_image src=&#8221;https:\/\/exitoenmadrid.com\/wp-content\/uploads\/2024\/05\/Foto-Equipo-2024-Exito-en-Madrid.jpeg&#8221; alt=&#8221;Foto Equipo 2024 \u00c9xito en Madrid&#8221; title_text=&#8221;Foto Equipo 2024 \u00c9xito en Madrid&#8221; show_bottom_space=&#8221;off&#8221; src_tablet=&#8221;https:\/\/exitoenmadrid.com\/wp-content\/uploads\/2024\/05\/Foto-Equipo-2024-Exito-en-Madrid.jpeg&#8221; src_phone=&#8221;https:\/\/exitoenmadrid.com\/wp-content\/uploads\/2024\/05\/Foto-Equipo-2024-Exito-en-Madrid.jpeg&#8221; src_last_edited=&#8221;on|desktop&#8221; disabled_on=&#8221;off|off|off&#8221; _builder_version=&#8221;4.21.0&#8243; _module_preset=&#8221;default&#8221; width=&#8221;28%&#8221; width_tablet=&#8221;28%&#8221; width_phone=&#8221;28%&#8221; width_last_edited=&#8221;on|phone&#8221; module_alignment=&#8221;center&#8221; custom_margin=&#8221;0px|0px|3%||false|false&#8221; custom_margin_tablet=&#8221;0px|0px|3%||false|false&#8221; custom_margin_phone=&#8221;0px|0px|12%||false|false&#8221; custom_margin_last_edited=&#8221;on|phone&#8221; custom_padding=&#8221;0px||0px|0px|false|false&#8221; animation_style=&#8221;fold&#8221; animation_duration=&#8221;850ms&#8221; animation_delay=&#8221;1000ms&#8221; animation_speed_curve=&#8221;ease&#8221; hover_enabled=&#8221;0&#8243; border_width_all=&#8221;5px&#8221; border_color_all=&#8221;#FFFFFF&#8221; box_shadow_style=&#8221;preset4&#8243; box_shadow_horizontal=&#8221;9px&#8221; box_shadow_vertical=&#8221;7px&#8221; box_shadow_color=&#8221;#E2EBFF&#8221; global_colors_info=&#8221;{}&#8221; sticky_enabled=&#8221;0&#8243; global_module=&#8221;2016&#8243; saved_tabs=&#8221;all&#8221;][\/et_pb_image][et_pb_text _builder_version=&#8221;4.21.0&#8243; _module_preset=&#8221;default&#8221; text_text_color=&#8221;#FFFFFF&#8221; header_3_text_color=&#8221;#FFFFFF&#8221; header_4_text_color=&#8221;#FFFFFF&#8221; header_5_text_color=&#8221;#FFFFFF&#8221; header_6_text_color=&#8221;#FFFFFF&#8221; text_orientation=&#8221;center&#8221; width=&#8221;50%&#8221; width_tablet=&#8221;95%&#8221; width_phone=&#8221;100%&#8221; width_last_edited=&#8221;on|phone&#8221; module_alignment=&#8221;center&#8221; inline_fonts=&#8221;Paytone One,Playfair Display &#8211; Italic&#8221; global_colors_info=&#8221;{}&#8221;]<\/p>\n<p>\u00c9xito \u00e8 un luogo in cui troverai comfort, un\u2019ineguagliabile posizione e la massima attenzione verso gli ospiti per godere di questa grande citt\u00e0 che \u00e8 <span style=\"font-family: Paytone One; font-weight: normal;\">Madrid. <\/span><\/p>\n<p>Una citt\u00e0 piena di vita in ogni suo angolo Proprio da ci\u00f2 \u00e8 nata l\u2019idea di concepire ogni camera per un tipo di viaggiatore differente: En Familia, Exitazo, Mochilera, Arte\u2026 e ovviamente una stanza dedicata alle persone con mobilit\u00e0 ridotta<\/p>\n<p>Ci trovi sulla Gran Via al civico 44, una posizione che ti permetter\u00e0 di avere delle viste sul cuore della capitale e di godere dell\u2019intorno energico e dinamico che la caratterizza.<\/p>\n<p>\u00c9xito si adatta alle necessit\u00e0 di qualsiasi viaggiatore e, insieme ai servizi offerti, render\u00e0 la tua esperienza madrilena un vero e<br \/><span style=\"font-family: Paytone One;\">proprio \u00c9xito.<\/span><\/p>\n<p>&nbsp;<\/p>\n<p>[\/et_pb_text][\/et_pb_column][\/et_pb_row][\/et_pb_section][et_pb_section fb_built=&#8221;1&#8243; custom_padding_last_edited=&#8221;on|tablet&#8221; admin_label=&#8221;Banda m\u00f3vil&#8221; _builder_version=&#8221;4.21.0&#8243; _module_preset=&#8221;default&#8221; background_color=&#8221;#265CD5&#8243; custom_margin=&#8221;0px||||false|false&#8221; custom_margin_tablet=&#8221;0px||||false|false&#8221; custom_margin_phone=&#8221;0px||||false|false&#8221; custom_margin_last_edited=&#8221;on|phone&#8221; custom_padding=&#8221;0px||||false|false&#8221; custom_padding_tablet=&#8221;0px||||false|false&#8221; custom_padding_phone=&#8221;0px||||false|false&#8221; saved_tabs=&#8221;all&#8221; collapsed=&#8221;off&#8221; global_colors_info=&#8221;{}&#8221;][et_pb_row custom_padding_last_edited=&#8221;on|phone&#8221; _builder_version=&#8221;4.21.0&#8243; _module_preset=&#8221;default&#8221; transform_rotate=&#8221;0deg|0deg|-2deg&#8221; width=&#8221;200%&#8221; width_tablet=&#8221;200%&#8221; width_phone=&#8221;300%&#8221; width_last_edited=&#8221;on|phone&#8221; custom_margin=&#8221;0px||||false|false&#8221; custom_margin_tablet=&#8221;&#8221; custom_margin_phone=&#8221;&#8221; custom_margin_last_edited=&#8221;on|phone&#8221; custom_padding=&#8221;0px||||false|false&#8221; custom_padding_tablet=&#8221;&#8221; custom_padding_phone=&#8221;&#8221; scroll_horizontal_motion_enable=&#8221;on&#8221; scroll_horizontal_motion=&#8221;0|50|50|100|-8|0|-2&#8243; global_colors_info=&#8221;{}&#8221;][et_pb_column type=&#8221;4_4&#8243; _builder_version=&#8221;4.21.0&#8243; _module_preset=&#8221;default&#8221; global_colors_info=&#8221;{}&#8221;][et_pb_text module_class=&#8221;eemstroke-blanco banda&#8221; _builder_version=&#8221;4.21.0&#8243; _module_preset=&#8221;default&#8221; text_font=&#8221;Playfair Display &#8211; Italic|700|||||||&#8221; text_font_size=&#8221;80px&#8221; width=&#8221;500%&#8221; width_tablet=&#8221;500%&#8221; width_phone=&#8221;400%&#8221; width_last_edited=&#8221;on|phone&#8221; custom_margin_tablet=&#8221;&#8221; custom_margin_phone=&#8221;&#8221; custom_margin_last_edited=&#8221;on|phone&#8221; custom_padding_tablet=&#8221;&#8221; custom_padding_phone=&#8221;&#8221; custom_padding_last_edited=&#8221;on|phone&#8221; global_colors_info=&#8221;{}&#8221;]<\/p>\n<p>Para \u00e9xito no hay nada imposible. Para \u00e9xito no hay nada imposible. Para \u00e9xito no hay nada imposible.<\/p>\n<p>[\/et_pb_text][\/et_pb_column][\/et_pb_row][\/et_pb_section][et_pb_section fb_built=&#8221;1&#8243; _builder_version=&#8221;4.21.0&#8243; _module_preset=&#8221;default&#8221; background_color=&#8221;#265CD5&#8243; custom_margin=&#8221;0px||0px||false|false&#8221; custom_padding=&#8221;0px||0px||true|false&#8221; global_colors_info=&#8221;{}&#8221;][et_pb_row custom_padding_last_edited=&#8221;on|phone&#8221; _builder_version=&#8221;4.21.0&#8243; _module_preset=&#8221;default&#8221; custom_padding_tablet=&#8221;&#8221; custom_padding_phone=&#8221;||20%||false|false&#8221; global_colors_info=&#8221;{}&#8221;][et_pb_column type=&#8221;4_4&#8243; _builder_version=&#8221;4.21.0&#8243; _module_preset=&#8221;default&#8221; global_colors_info=&#8221;{}&#8221;][et_pb_image src=&#8221;https:\/\/exitoenmadrid.com\/wp-content\/uploads\/2023\/06\/Conocenos-Ilusracion-V2.png&#8221; title_text=&#8221;Conocenos-Ilusracion-V2&#8243; align=&#8221;center&#8221; _builder_version=&#8221;4.21.0&#8243; _module_preset=&#8221;default&#8221; global_colors_info=&#8221;{}&#8221;][\/et_pb_image][et_pb_text _builder_version=&#8221;4.21.0&#8243; _module_preset=&#8221;default&#8221; header_3_text_align=&#8221;center&#8221; header_3_text_color=&#8221;#FFFFFF&#8221; width=&#8221;40%&#8221; width_tablet=&#8221;90%&#8221; width_phone=&#8221;100%&#8221; width_last_edited=&#8221;on|phone&#8221; module_alignment=&#8221;center&#8221; global_colors_info=&#8221;{}&#8221;]<\/p>\n<h3>Vieni a conoscerci e <span class=\"serif\">rimani <\/span> tutto il tempo che vuoi.<\/h3>\n<h3><span class=\"serif\">Ti sentirai come a casa.<\/span><\/h3>\n<p>[\/et_pb_text][et_pb_button button_url=&#8221;@ET-DC@eyJkeW5hbWljIjp0cnVlLCJjb250ZW50IjoicG9zdF9saW5rX3VybF9wYWdlIiwic2V0dGluZ3MiOnsicG9zdF9pZCI6IjE0In19@&#8221; button_text=&#8221;Prenotazioni di successo&#8221; button_alignment=&#8221;center&#8221; button_alignment_tablet=&#8221;&#8221; button_alignment_phone=&#8221;&#8221; button_alignment_last_edited=&#8221;on|phone&#8221; _builder_version=&#8221;4.21.0&#8243; _dynamic_attributes=&#8221;button_url&#8221; _module_preset=&#8221;default&#8221; custom_button=&#8221;on&#8221; button_text_color=&#8221;#265CD5&#8243; button_bg_color=&#8221;#FFFFFF&#8221; button_border_width=&#8221;5px&#8221; button_border_color=&#8221;#E2EBFF&#8221; button_border_radius=&#8221;0px&#8221; button_font=&#8221;Paytone One||||||||&#8221; button_on_hover=&#8221;off&#8221; custom_margin=&#8221;||5%||false|false&#8221; custom_padding=&#8221;1%||1%||true|false&#8221; custom_padding_tablet=&#8221;2%||2%||true|false&#8221; custom_padding_phone=&#8221;3.5%||3.5%||true|false&#8221; custom_padding_last_edited=&#8221;on|phone&#8221; box_shadow_style=&#8221;preset4&#8243; box_shadow_horizontal=&#8221;4px&#8221; box_shadow_vertical=&#8221;5px&#8221; box_shadow_color=&#8221;#E2EBFF&#8221; global_colors_info=&#8221;{}&#8221; box_shadow_color__hover_enabled=&#8221;on|hover&#8221; box_shadow_color__hover=&#8221;#FD8D7C&#8221; button_text_color__hover_enabled=&#8221;on|desktop&#8221; button_text_color__hover=&#8221;#FD8D7C&#8221; button_border_color__hover_enabled=&#8221;on|desktop&#8221; button_border_color__hover=&#8221;#FD8D7C&#8221; button_bg_color__hover_enabled=&#8221;on|hover&#8221; button_bg_color__hover=&#8221;#FFFFFF&#8221; button_bg_enable_color__hover=&#8221;on&#8221;][\/et_pb_button][\/et_pb_column][\/et_pb_row][\/et_pb_section]<\/p>\n","protected":false},"excerpt":{"rendered":"<p>Il miglior modo per capire un viaggiatore, \u00e8 essere uno di loroSiamo madre e figlia e abbiamo avviato questo progetto a febbraio del 2021. Insieme, abbiamo viaggiato ben 21 anni per il mondo: Spagna, Europa, paesi come la Mongolia, India, Amazzonia. Viaggiare ci ha fatto capire quanto sia meraviglioso conoscere nuove culture Non solo per [&hellip;]<\/p>\n","protected":false},"author":2,"featured_media":0,"parent":0,"menu_order":0,"comment_status":"closed","ping_status":"closed","template":"","meta":{"_et_pb_use_builder":"on","_et_pb_old_content":"","_et_gb_content_width":"","inline_featured_image":false,"footnotes":""},"class_list":["post-2001","page","type-page","status-publish","hentry"],"yoast_head":"<!-- This site is optimized with the Yoast SEO plugin v25.8 - https:\/\/yoast.com\/wordpress\/plugins\/seo\/ -->\n<title>Tu alojamiento en el centro de Madrid | \u00c9xito en Madrid<\/title>\n<meta name=\"description\" content=\"\u00c9xito en Madrid es un alojamiento en la Gran V\u00eda Madrile\u00f1a, con habitaciones personalizadas para todo tipo de viajeros. \u00a1Ven a conocernos!\" \/>\n<meta name=\"robots\" content=\"index, follow, max-snippet:-1, max-image-preview:large, max-video-preview:-1\" \/>\n<link rel=\"canonical\" href=\"https:\/\/exitoenmadrid.com\/it\/conosciamoci\/\" \/>\n<meta property=\"og:locale\" content=\"it_IT\" \/>\n<meta property=\"og:type\" content=\"article\" \/>\n<meta property=\"og:title\" content=\"Tu alojamiento en el centro de Madrid | \u00c9xito en Madrid\" \/>\n<meta property=\"og:description\" content=\"\u00c9xito en Madrid es un alojamiento en la Gran V\u00eda Madrile\u00f1a, con habitaciones personalizadas para todo tipo de viajeros. \u00a1Ven a conocernos!\" \/>\n<meta property=\"og:url\" content=\"https:\/\/exitoenmadrid.com\/it\/conosciamoci\/\" \/>\n<meta property=\"og:site_name\" content=\"\u00c9xito en Madrid\" \/>\n<meta property=\"article:modified_time\" content=\"2024-09-11T14:25:43+00:00\" \/>\n<meta name=\"twitter:card\" content=\"summary_large_image\" \/>\n<meta name=\"twitter:label1\" content=\"Tempo di lettura stimato\" \/>\n\t<meta name=\"twitter:data1\" content=\"9 minuti\" \/>\n<script type=\"application\/ld+json\" class=\"yoast-schema-graph\">{\"@context\":\"https:\/\/schema.org\",\"@graph\":[{\"@type\":\"WebPage\",\"@id\":\"https:\/\/exitoenmadrid.com\/it\/conosciamoci\/\",\"url\":\"https:\/\/exitoenmadrid.com\/it\/conosciamoci\/\",\"name\":\"Tu alojamiento en el centro de Madrid | \u00c9xito en Madrid\",\"isPartOf\":{\"@id\":\"https:\/\/exitoenmadrid.com\/it\/#website\"},\"datePublished\":\"2023-05-10T17:29:46+00:00\",\"dateModified\":\"2024-09-11T14:25:43+00:00\",\"description\":\"\u00c9xito en Madrid es un alojamiento en la Gran V\u00eda Madrile\u00f1a, con habitaciones personalizadas para todo tipo de viajeros. \u00a1Ven a conocernos!\",\"inLanguage\":\"it-IT\",\"potentialAction\":[{\"@type\":\"ReadAction\",\"target\":[\"https:\/\/exitoenmadrid.com\/it\/conosciamoci\/\"]}]},{\"@type\":\"WebSite\",\"@id\":\"https:\/\/exitoenmadrid.com\/it\/#website\",\"url\":\"https:\/\/exitoenmadrid.com\/it\/\",\"name\":\"\u00c9xito en Madrid\",\"description\":\"Alojamiento en el coraz\u00f3n de Madrid\",\"potentialAction\":[{\"@type\":\"SearchAction\",\"target\":{\"@type\":\"EntryPoint\",\"urlTemplate\":\"https:\/\/exitoenmadrid.com\/it\/?s={search_term_string}\"},\"query-input\":{\"@type\":\"PropertyValueSpecification\",\"valueRequired\":true,\"valueName\":\"search_term_string\"}}],\"inLanguage\":\"it-IT\"}]}<\/script>\n<!-- \/ Yoast SEO plugin. -->","yoast_head_json":{"title":"Tu alojamiento en el centro de Madrid | \u00c9xito en Madrid","description":"\u00c9xito en Madrid es un alojamiento en la Gran V\u00eda Madrile\u00f1a, con habitaciones personalizadas para todo tipo de viajeros. \u00a1Ven a conocernos!","robots":{"index":"index","follow":"follow","max-snippet":"max-snippet:-1","max-image-preview":"max-image-preview:large","max-video-preview":"max-video-preview:-1"},"canonical":"https:\/\/exitoenmadrid.com\/it\/conosciamoci\/","og_locale":"it_IT","og_type":"article","og_title":"Tu alojamiento en el centro de Madrid | \u00c9xito en Madrid","og_description":"\u00c9xito en Madrid es un alojamiento en la Gran V\u00eda Madrile\u00f1a, con habitaciones personalizadas para todo tipo de viajeros. \u00a1Ven a conocernos!","og_url":"https:\/\/exitoenmadrid.com\/it\/conosciamoci\/","og_site_name":"\u00c9xito en Madrid","article_modified_time":"2024-09-11T14:25:43+00:00","twitter_card":"summary_large_image","twitter_misc":{"Tempo di lettura stimato":"9 minuti"},"schema":{"@context":"https:\/\/schema.org","@graph":[{"@type":"WebPage","@id":"https:\/\/exitoenmadrid.com\/it\/conosciamoci\/","url":"https:\/\/exitoenmadrid.com\/it\/conosciamoci\/","name":"Tu alojamiento en el centro de Madrid | \u00c9xito en Madrid","isPartOf":{"@id":"https:\/\/exitoenmadrid.com\/it\/#website"},"datePublished":"2023-05-10T17:29:46+00:00","dateModified":"2024-09-11T14:25:43+00:00","description":"\u00c9xito en Madrid es un alojamiento en la Gran V\u00eda Madrile\u00f1a, con habitaciones personalizadas para todo tipo de viajeros. \u00a1Ven a conocernos!","inLanguage":"it-IT","potentialAction":[{"@type":"ReadAction","target":["https:\/\/exitoenmadrid.com\/it\/conosciamoci\/"]}]},{"@type":"WebSite","@id":"https:\/\/exitoenmadrid.com\/it\/#website","url":"https:\/\/exitoenmadrid.com\/it\/","name":"\u00c9xito en Madrid","description":"Alojamiento en el coraz\u00f3n de Madrid","potentialAction":[{"@type":"SearchAction","target":{"@type":"EntryPoint","urlTemplate":"https:\/\/exitoenmadrid.com\/it\/?s={search_term_string}"},"query-input":{"@type":"PropertyValueSpecification","valueRequired":true,"valueName":"search_term_string"}}],"inLanguage":"it-IT"}]}},"_links":{"self":[{"href":"https:\/\/exitoenmadrid.com\/it\/wp-json\/wp\/v2\/pages\/2001","targetHints":{"allow":["GET"]}}],"collection":[{"href":"https:\/\/exitoenmadrid.com\/it\/wp-json\/wp\/v2\/pages"}],"about":[{"href":"https:\/\/exitoenmadrid.com\/it\/wp-json\/wp\/v2\/types\/page"}],"author":[{"embeddable":true,"href":"https:\/\/exitoenmadrid.com\/it\/wp-json\/wp\/v2\/users\/2"}],"replies":[{"embeddable":true,"href":"https:\/\/exitoenmadrid.com\/it\/wp-json\/wp\/v2\/comments?post=2001"}],"version-history":[{"count":0,"href":"https:\/\/exitoenmadrid.com\/it\/wp-json\/wp\/v2\/pages\/2001\/revisions"}],"wp:attachment":[{"href":"https:\/\/exitoenmadrid.com\/it\/wp-json\/wp\/v2\/media?parent=2001"}],"curies":[{"name":"wp","href":"https:\/\/api.w.org\/{rel}","templated":true}]}}